{"id":75368,"date":"2025-12-03T12:32:23","date_gmt":"2025-12-03T10:32:23","guid":{"rendered":"https:\/\/oxoxclub.com\/?post_type=product&#038;p=75368"},"modified":"2026-02-10T16:56:16","modified_gmt":"2026-02-10T14:56:16","slug":"dygsniuotos-zvaigzdetos-dzinso-kelnes","status":"publish","type":"product","link":"https:\/\/oxoxclub.com\/lt\/products\/vaikams\/kelnes-ir-sortai\/kelnes\/dygsniuotos-zvaigzdetos-dzinso-kelnes\/","title":{"rendered":"Dygsniuotos D\u017einso Keln\u0117s"},"content":{"rendered":"<p>\u0160ios dygsniuoto d\u017einso keln\u0117s su \u201eStar\u201c ra\u0161tu yra mink\u0161tos, bet puikiai i\u0161laiko form\u0105 \u2013 patogus ir stilingas pasirinkimas kiekvienai dienai. Lengvai derinamos su m\u016bs\u0173 dygsniuotu \u201eStar\u201c \u0161varkeliu ar dry\u017euotais mar\u0161kin\u0117liais, jos kuria jauk\u0173, \u017eaisming\u0105 derin\u012f tiek vakar\u0117liams, tiek kasdieniams nuotykiams. Keln\u0117s turi reguliuojam\u0105 juosmens juostel\u0119.<\/p>\n<p>50% medviln\u0117, 50% poliesteris \/ Galima skalbti skalbykl\u0117je.<\/p>\n<p>Pagaminta Lietuvoje.<\/p>\n<p>Mia yra 124 cm \u016bgio ir d\u0117vi 7-8 met\u0173 dyd\u012f.<\/p>\n","protected":false},"excerpt":{"rendered":"<p>\u0160ios dygsniuoto d\u017einso keln\u0117s su \u201eStar\u201c ra\u0161tu yra mink\u0161tos, bet puikiai i\u0161laiko form\u0105 \u2013 patogus ir stilingas pasirinkimas kiekvienai dienai. Lengvai derinamos su m\u016bs\u0173 dygsniuotu \u201eStar\u201c \u0161varkeliu ar dry\u017euotais mar\u0161kin\u0117liais, jos kuria jauk\u0173, \u017eaisming\u0105 derin\u012f tiek vakar\u0117liams, tiek kasdieniams nuotykiams. Keln\u0117s turi reguliuojam\u0105 juosmens juostel\u0119. 50% medviln\u0117, 50% poliesteris \/ Galima skalbti skalbykl\u0117je. Pagaminta Lietuvoje. [&hellip;]<\/p>\n","protected":false},"featured_media":75707,"comment_status":"open","ping_status":"closed","template":"","meta":[],"product_brand":[],"product_cat":[659,657,696],"product_tag":[],"class_list":{"0":"post-75368","1":"product","2":"type-product","3":"status-publish","4":"has-post-thumbnail","6":"product_cat-kelnes","7":"product_cat-kelnes-ir-sortai","8":"product_cat-naujienos","9":"pa_size-chart-86-92-en","10":"pa_size-chart-98-104-en","11":"pa_size-chart-110-116-en","12":"pa_size-chart-122-128-en","13":"pa_size-chart-134-140-en","14":"pa_size-chart-146-152-en","15":"pa_sweatpants-kelnes","17":"first","18":"instock","19":"taxable","20":"shipping-taxable","21":"purchasable","22":"product-type-variable"},"acf":[],"yoast_head":"<!-- This site is optimized with the Yoast SEO Premium plugin v20.11 (Yoast SEO v24.3) - https:\/\/yoast.com\/wordpress\/plugins\/seo\/ -->\n<title>Dygsniuotos D\u017einso Keln\u0117s - OXOX<\/title>\n<meta name=\"robots\" content=\"index, follow, max-snippet:-1, max-image-preview:large, max-video-preview:-1\" \/>\n<link rel=\"canonical\" href=\"https:\/\/oxoxclub.com\/lt\/products\/vaikams\/kelnes-ir-sortai\/kelnes\/dygsniuotos-zvaigzdetos-dzinso-kelnes\/\" \/>\n<meta property=\"og:locale\" content=\"lt_LT\" \/>\n<meta property=\"og:type\" content=\"article\" \/>\n<meta property=\"og:title\" content=\"Dygsniuotos D\u017einso Keln\u0117s\" \/>\n<meta property=\"og:description\" content=\"\u0160ios dygsniuoto d\u017einso keln\u0117s su \u201eStar\u201c ra\u0161tu yra mink\u0161tos, bet puikiai i\u0161laiko form\u0105 \u2013 patogus ir stilingas pasirinkimas kiekvienai dienai. Lengvai derinamos su m\u016bs\u0173 dygsniuotu \u201eStar\u201c \u0161varkeliu ar dry\u017euotais mar\u0161kin\u0117liais, jos kuria jauk\u0173, \u017eaisming\u0105 derin\u012f tiek vakar\u0117liams, tiek kasdieniams nuotykiams. Keln\u0117s turi reguliuojam\u0105 juosmens juostel\u0119. 50% medviln\u0117, 50% poliesteris \/ Galima skalbti skalbykl\u0117je. Pagaminta Lietuvoje. [&hellip;]\" \/>\n<meta property=\"og:url\" content=\"https:\/\/oxoxclub.com\/lt\/products\/vaikams\/kelnes-ir-sortai\/kelnes\/dygsniuotos-zvaigzdetos-dzinso-kelnes\/\" \/>\n<meta property=\"og:site_name\" content=\"OXOX\" \/>\n<meta property=\"article:publisher\" content=\"https:\/\/facebook.com\/oxoxclub\/\" \/>\n<meta property=\"article:modified_time\" content=\"2026-02-10T14:56:16+00:00\" \/>\n<meta property=\"og:image\" content=\"https:\/\/oxoxclub.com\/wp-content\/uploads\/53-1-scaled.jpg\" \/>\n\t<meta property=\"og:image:width\" content=\"1709\" \/>\n\t<meta property=\"og:image:height\" content=\"2560\" \/>\n\t<meta property=\"og:image:type\" content=\"image\/jpeg\" \/>\n<meta name=\"twitter:card\" content=\"summary_large_image\" \/>\n<meta name=\"twitter:label1\" content=\"Availability\" \/>\n\t<meta name=\"twitter:data1\" content=\"In stock\" \/>\n<script type=\"application\/ld+json\" class=\"yoast-schema-graph\">{\"@context\":\"https:\/\/schema.org\",\"@graph\":[{\"@type\":\"WebPage\",\"@id\":\"https:\/\/oxoxclub.com\/lt\/products\/vaikams\/kelnes-ir-sortai\/kelnes\/dygsniuotos-zvaigzdetos-dzinso-kelnes\/\",\"url\":\"https:\/\/oxoxclub.com\/lt\/products\/vaikams\/kelnes-ir-sortai\/kelnes\/dygsniuotos-zvaigzdetos-dzinso-kelnes\/\",\"name\":\"Dygsniuotos D\u017einso Keln\u0117s - OXOX\",\"isPartOf\":{\"@id\":\"https:\/\/oxoxclub.com\/lt\/#website\"},\"primaryImageOfPage\":{\"@id\":\"https:\/\/oxoxclub.com\/lt\/products\/vaikams\/kelnes-ir-sortai\/kelnes\/dygsniuotos-zvaigzdetos-dzinso-kelnes\/#primaryimage\"},\"image\":{\"@id\":\"https:\/\/oxoxclub.com\/lt\/products\/vaikams\/kelnes-ir-sortai\/kelnes\/dygsniuotos-zvaigzdetos-dzinso-kelnes\/#primaryimage\"},\"thumbnailUrl\":\"https:\/\/oxoxclub.com\/wp-content\/uploads\/53-1-scaled.jpg\",\"datePublished\":\"2025-12-03T10:32:23+00:00\",\"dateModified\":\"2026-02-10T14:56:16+00:00\",\"breadcrumb\":{\"@id\":\"https:\/\/oxoxclub.com\/lt\/products\/vaikams\/kelnes-ir-sortai\/kelnes\/dygsniuotos-zvaigzdetos-dzinso-kelnes\/#breadcrumb\"},\"inLanguage\":\"lt-LT\",\"potentialAction\":[{\"@type\":\"ReadAction\",\"target\":[\"https:\/\/oxoxclub.com\/lt\/products\/vaikams\/kelnes-ir-sortai\/kelnes\/dygsniuotos-zvaigzdetos-dzinso-kelnes\/\"]}]},{\"@type\":\"ImageObject\",\"inLanguage\":\"lt-LT\",\"@id\":\"https:\/\/oxoxclub.com\/lt\/products\/vaikams\/kelnes-ir-sortai\/kelnes\/dygsniuotos-zvaigzdetos-dzinso-kelnes\/#primaryimage\",\"url\":\"https:\/\/oxoxclub.com\/wp-content\/uploads\/53-1-scaled.jpg\",\"contentUrl\":\"https:\/\/oxoxclub.com\/wp-content\/uploads\/53-1-scaled.jpg\",\"width\":1709,\"height\":2560},{\"@type\":\"BreadcrumbList\",\"@id\":\"https:\/\/oxoxclub.com\/lt\/products\/vaikams\/kelnes-ir-sortai\/kelnes\/dygsniuotos-zvaigzdetos-dzinso-kelnes\/#breadcrumb\",\"itemListElement\":[{\"@type\":\"ListItem\",\"position\":1,\"name\":\"Home\",\"item\":\"https:\/\/oxoxclub.com\/lt\/\"},{\"@type\":\"ListItem\",\"position\":2,\"name\":\"Shop\",\"item\":\"https:\/\/oxoxclub.com\/products\/\"},{\"@type\":\"ListItem\",\"position\":3,\"name\":\"Dygsniuotos D\u017einso Keln\u0117s\"}]},{\"@type\":\"WebSite\",\"@id\":\"https:\/\/oxoxclub.com\/lt\/#website\",\"url\":\"https:\/\/oxoxclub.com\/lt\/\",\"name\":\"OXOX CLUB\",\"description\":\"On a mission of never growing up\",\"publisher\":{\"@id\":\"https:\/\/oxoxclub.com\/lt\/#organization\"},\"potentialAction\":[{\"@type\":\"SearchAction\",\"target\":{\"@type\":\"EntryPoint\",\"urlTemplate\":\"https:\/\/oxoxclub.com\/lt\/?s={search_term_string}\"},\"query-input\":{\"@type\":\"PropertyValueSpecification\",\"valueRequired\":true,\"valueName\":\"search_term_string\"}}],\"inLanguage\":\"lt-LT\"},{\"@type\":\"Organization\",\"@id\":\"https:\/\/oxoxclub.com\/lt\/#organization\",\"name\":\"OXOX CLUB\",\"url\":\"https:\/\/oxoxclub.com\/lt\/\",\"logo\":{\"@type\":\"ImageObject\",\"inLanguage\":\"lt-LT\",\"@id\":\"https:\/\/oxoxclub.com\/lt\/#\/schema\/logo\/image\/\",\"url\":\"https:\/\/oxoxclub.com\/wp-content\/uploads\/oxox-logo-in-blue-4.png\",\"contentUrl\":\"https:\/\/oxoxclub.com\/wp-content\/uploads\/oxox-logo-in-blue-4.png\",\"width\":414,\"height\":300,\"caption\":\"OXOX CLUB\"},\"image\":{\"@id\":\"https:\/\/oxoxclub.com\/lt\/#\/schema\/logo\/image\/\"},\"sameAs\":[\"https:\/\/facebook.com\/oxoxclub\/\",\"https:\/\/www.instagram.com\/oxoxclub\/\"]}]}<\/script>\n<meta property=\"og:availability\" content=\"instock\" \/>\n<meta property=\"product:availability\" content=\"instock\" \/>\n<meta property=\"product:retailer_item_id\" content=\"31.265.44\" \/>\n<meta property=\"product:condition\" content=\"new\" \/>\n<!-- \/ Yoast SEO Premium plugin. -->","yoast_head_json":{"title":"Dygsniuotos D\u017einso Keln\u0117s - OXOX","robots":{"index":"index","follow":"follow","max-snippet":"max-snippet:-1","max-image-preview":"max-image-preview:large","max-video-preview":"max-video-preview:-1"},"canonical":"https:\/\/oxoxclub.com\/lt\/products\/vaikams\/kelnes-ir-sortai\/kelnes\/dygsniuotos-zvaigzdetos-dzinso-kelnes\/","og_locale":"lt_LT","og_type":"article","og_title":"Dygsniuotos D\u017einso Keln\u0117s","og_description":"\u0160ios dygsniuoto d\u017einso keln\u0117s su \u201eStar\u201c ra\u0161tu yra mink\u0161tos, bet puikiai i\u0161laiko form\u0105 \u2013 patogus ir stilingas pasirinkimas kiekvienai dienai. Lengvai derinamos su m\u016bs\u0173 dygsniuotu \u201eStar\u201c \u0161varkeliu ar dry\u017euotais mar\u0161kin\u0117liais, jos kuria jauk\u0173, \u017eaisming\u0105 derin\u012f tiek vakar\u0117liams, tiek kasdieniams nuotykiams. Keln\u0117s turi reguliuojam\u0105 juosmens juostel\u0119. 50% medviln\u0117, 50% poliesteris \/ Galima skalbti skalbykl\u0117je. Pagaminta Lietuvoje. [&hellip;]","og_url":"https:\/\/oxoxclub.com\/lt\/products\/vaikams\/kelnes-ir-sortai\/kelnes\/dygsniuotos-zvaigzdetos-dzinso-kelnes\/","og_site_name":"OXOX","article_publisher":"https:\/\/facebook.com\/oxoxclub\/","article_modified_time":"2026-02-10T14:56:16+00:00","og_image":[{"width":1709,"height":2560,"url":"https:\/\/oxoxclub.com\/wp-content\/uploads\/53-1-scaled.jpg","type":"image\/jpeg"}],"twitter_card":"summary_large_image","twitter_misc":{"Availability":"In stock"},"schema":{"@context":"https:\/\/schema.org","@graph":[{"@type":"WebPage","@id":"https:\/\/oxoxclub.com\/lt\/products\/vaikams\/kelnes-ir-sortai\/kelnes\/dygsniuotos-zvaigzdetos-dzinso-kelnes\/","url":"https:\/\/oxoxclub.com\/lt\/products\/vaikams\/kelnes-ir-sortai\/kelnes\/dygsniuotos-zvaigzdetos-dzinso-kelnes\/","name":"Dygsniuotos D\u017einso Keln\u0117s - OXOX","isPartOf":{"@id":"https:\/\/oxoxclub.com\/lt\/#website"},"primaryImageOfPage":{"@id":"https:\/\/oxoxclub.com\/lt\/products\/vaikams\/kelnes-ir-sortai\/kelnes\/dygsniuotos-zvaigzdetos-dzinso-kelnes\/#primaryimage"},"image":{"@id":"https:\/\/oxoxclub.com\/lt\/products\/vaikams\/kelnes-ir-sortai\/kelnes\/dygsniuotos-zvaigzdetos-dzinso-kelnes\/#primaryimage"},"thumbnailUrl":"https:\/\/oxoxclub.com\/wp-content\/uploads\/53-1-scaled.jpg","datePublished":"2025-12-03T10:32:23+00:00","dateModified":"2026-02-10T14:56:16+00:00","breadcrumb":{"@id":"https:\/\/oxoxclub.com\/lt\/products\/vaikams\/kelnes-ir-sortai\/kelnes\/dygsniuotos-zvaigzdetos-dzinso-kelnes\/#breadcrumb"},"inLanguage":"lt-LT","potentialAction":[{"@type":"ReadAction","target":["https:\/\/oxoxclub.com\/lt\/products\/vaikams\/kelnes-ir-sortai\/kelnes\/dygsniuotos-zvaigzdetos-dzinso-kelnes\/"]}]},{"@type":"ImageObject","inLanguage":"lt-LT","@id":"https:\/\/oxoxclub.com\/lt\/products\/vaikams\/kelnes-ir-sortai\/kelnes\/dygsniuotos-zvaigzdetos-dzinso-kelnes\/#primaryimage","url":"https:\/\/oxoxclub.com\/wp-content\/uploads\/53-1-scaled.jpg","contentUrl":"https:\/\/oxoxclub.com\/wp-content\/uploads\/53-1-scaled.jpg","width":1709,"height":2560},{"@type":"BreadcrumbList","@id":"https:\/\/oxoxclub.com\/lt\/products\/vaikams\/kelnes-ir-sortai\/kelnes\/dygsniuotos-zvaigzdetos-dzinso-kelnes\/#breadcrumb","itemListElement":[{"@type":"ListItem","position":1,"name":"Home","item":"https:\/\/oxoxclub.com\/lt\/"},{"@type":"ListItem","position":2,"name":"Shop","item":"https:\/\/oxoxclub.com\/products\/"},{"@type":"ListItem","position":3,"name":"Dygsniuotos D\u017einso Keln\u0117s"}]},{"@type":"WebSite","@id":"https:\/\/oxoxclub.com\/lt\/#website","url":"https:\/\/oxoxclub.com\/lt\/","name":"OXOX CLUB","description":"On a mission of never growing up","publisher":{"@id":"https:\/\/oxoxclub.com\/lt\/#organization"},"potentialAction":[{"@type":"SearchAction","target":{"@type":"EntryPoint","urlTemplate":"https:\/\/oxoxclub.com\/lt\/?s={search_term_string}"},"query-input":{"@type":"PropertyValueSpecification","valueRequired":true,"valueName":"search_term_string"}}],"inLanguage":"lt-LT"},{"@type":"Organization","@id":"https:\/\/oxoxclub.com\/lt\/#organization","name":"OXOX CLUB","url":"https:\/\/oxoxclub.com\/lt\/","logo":{"@type":"ImageObject","inLanguage":"lt-LT","@id":"https:\/\/oxoxclub.com\/lt\/#\/schema\/logo\/image\/","url":"https:\/\/oxoxclub.com\/wp-content\/uploads\/oxox-logo-in-blue-4.png","contentUrl":"https:\/\/oxoxclub.com\/wp-content\/uploads\/oxox-logo-in-blue-4.png","width":414,"height":300,"caption":"OXOX CLUB"},"image":{"@id":"https:\/\/oxoxclub.com\/lt\/#\/schema\/logo\/image\/"},"sameAs":["https:\/\/facebook.com\/oxoxclub\/","https:\/\/www.instagram.com\/oxoxclub\/"]}]},"og_availability":"instock","product_availability":"instock","product_retailer_item_id":"31.265.44","product_condition":"new"},"_links":{"self":[{"href":"https:\/\/oxoxclub.com\/lt\/wp-json\/wp\/v2\/product\/75368","targetHints":{"allow":["GET"]}}],"collection":[{"href":"https:\/\/oxoxclub.com\/lt\/wp-json\/wp\/v2\/product"}],"about":[{"href":"https:\/\/oxoxclub.com\/lt\/wp-json\/wp\/v2\/types\/product"}],"replies":[{"embeddable":true,"href":"https:\/\/oxoxclub.com\/lt\/wp-json\/wp\/v2\/comments?post=75368"}],"wp:featuredmedia":[{"embeddable":true,"href":"https:\/\/oxoxclub.com\/lt\/wp-json\/wp\/v2\/media\/75707"}],"wp:attachment":[{"href":"https:\/\/oxoxclub.com\/lt\/wp-json\/wp\/v2\/media?parent=75368"}],"wp:term":[{"taxonomy":"product_brand","embeddable":true,"href":"https:\/\/oxoxclub.com\/lt\/wp-json\/wp\/v2\/product_brand?post=75368"},{"taxonomy":"product_cat","embeddable":true,"href":"https:\/\/oxoxclub.com\/lt\/wp-json\/wp\/v2\/product_cat?post=75368"},{"taxonomy":"product_tag","embeddable":true,"href":"https:\/\/oxoxclub.com\/lt\/wp-json\/wp\/v2\/product_tag?post=75368"}],"curies":[{"name":"wp","href":"https:\/\/api.w.org\/{rel}","templated":true}]}}