{"id":75394,"date":"2025-12-03T13:01:49","date_gmt":"2025-12-03T11:01:49","guid":{"rendered":"https:\/\/oxoxclub.com\/?post_type=product&#038;p=75394"},"modified":"2026-01-22T12:39:18","modified_gmt":"2026-01-22T10:39:18","slug":"rusva-veganisko-kailio-liemene","status":"publish","type":"product","link":"https:\/\/oxoxclub.com\/lt\/products\/svarkeliai\/rusva-veganisko-kailio-liemene\/","title":{"rendered":"Vegani\u0161ko kailio liemen\u0117"},"content":{"rendered":"<p>Jaukiausias unisex sluoksniavimo drabu\u017eis i\u0161 mink\u0161to vegani\u0161ko kailio, puo\u0161tas m\u016bs\u0173 ikoni\u0161ku i\u0161siuvin\u0117tu OXOX CLUB \u201ePotato\u201c logotipu priekyje. Kontrastingas u\u017etrauktukas ir apvalios priekin\u0117s ki\u0161en\u0117s suteikia \u017eaisming\u0105 akcent\u0105. Lengvai derinama su mar\u0161kin\u0117liais, megztiniais ar suknel\u0117mis, ji suteikia papildomos \u0161ilumos ir charakterio kasdieniams deriniams.<\/p>\n<p>80% medviln\u0117, 20% poliesteris \/ Galima skalbti skalbykl\u0117je.<\/p>\n<p>Pagaminta Lietuvoje.<\/p>\n<p>Mia yra 124 cm \u016bgio ir d\u0117vi 7-8 met\u0173 dyd\u012f.<\/p>\n","protected":false},"excerpt":{"rendered":"<p>Jaukiausias unisex sluoksniavimo drabu\u017eis i\u0161 mink\u0161to vegani\u0161ko kailio, puo\u0161tas m\u016bs\u0173 ikoni\u0161ku i\u0161siuvin\u0117tu OXOX CLUB \u201ePotato\u201c logotipu priekyje. Kontrastingas u\u017etrauktukas ir apvalios priekin\u0117s ki\u0161en\u0117s suteikia \u017eaisming\u0105 akcent\u0105. Lengvai derinama su mar\u0161kin\u0117liais, megztiniais ar suknel\u0117mis, ji suteikia papildomos \u0161ilumos ir charakterio kasdieniams deriniams. 80% medviln\u0117, 20% poliesteris \/ Galima skalbti skalbykl\u0117je. Pagaminta Lietuvoje. Mia yra 124 cm [&hellip;]<\/p>\n","protected":false},"featured_media":75713,"comment_status":"open","ping_status":"closed","template":"","meta":[],"product_brand":[],"product_cat":[696,688],"product_tag":[],"class_list":{"0":"post-75394","1":"product","2":"type-product","3":"status-publish","4":"has-post-thumbnail","6":"product_cat-naujienos","7":"product_cat-svarkeliai","8":"pa_size-chart-86-92-en","9":"pa_size-chart-98-104-en","10":"pa_size-chart-110-116-en","11":"pa_size-chart-122-128-en","12":"pa_size-chart-134-140-en","13":"pa_size-chart-146-152-en","14":"pa_sweatshirts-liemenes","16":"first","17":"instock","18":"taxable","19":"shipping-taxable","20":"purchasable","21":"product-type-variable"},"acf":[],"yoast_head":"<!-- This site is optimized with the Yoast SEO Premium plugin v20.11 (Yoast SEO v24.3) - https:\/\/yoast.com\/wordpress\/plugins\/seo\/ -->\n<title>Vegani\u0161ko kailio liemen\u0117 - OXOX<\/title>\n<meta name=\"robots\" content=\"index, follow, max-snippet:-1, max-image-preview:large, max-video-preview:-1\" \/>\n<link rel=\"canonical\" href=\"https:\/\/oxoxclub.com\/lt\/products\/svarkeliai\/rusva-veganisko-kailio-liemene\/\" \/>\n<meta property=\"og:locale\" content=\"lt_LT\" \/>\n<meta property=\"og:type\" content=\"article\" \/>\n<meta property=\"og:title\" content=\"Vegani\u0161ko kailio liemen\u0117\" \/>\n<meta property=\"og:description\" content=\"Jaukiausias unisex sluoksniavimo drabu\u017eis i\u0161 mink\u0161to vegani\u0161ko kailio, puo\u0161tas m\u016bs\u0173 ikoni\u0161ku i\u0161siuvin\u0117tu OXOX CLUB \u201ePotato\u201c logotipu priekyje. Kontrastingas u\u017etrauktukas ir apvalios priekin\u0117s ki\u0161en\u0117s suteikia \u017eaisming\u0105 akcent\u0105. Lengvai derinama su mar\u0161kin\u0117liais, megztiniais ar suknel\u0117mis, ji suteikia papildomos \u0161ilumos ir charakterio kasdieniams deriniams. 80% medviln\u0117, 20% poliesteris \/ Galima skalbti skalbykl\u0117je. Pagaminta Lietuvoje. Mia yra 124 cm [&hellip;]\" \/>\n<meta property=\"og:url\" content=\"https:\/\/oxoxclub.com\/lt\/products\/svarkeliai\/rusva-veganisko-kailio-liemene\/\" \/>\n<meta property=\"og:site_name\" content=\"OXOX\" \/>\n<meta property=\"article:publisher\" content=\"https:\/\/facebook.com\/oxoxclub\/\" \/>\n<meta property=\"article:modified_time\" content=\"2026-01-22T10:39:18+00:00\" \/>\n<meta property=\"og:image\" content=\"https:\/\/oxoxclub.com\/wp-content\/uploads\/62-1-scaled.jpg\" \/>\n\t<meta property=\"og:image:width\" content=\"1709\" \/>\n\t<meta property=\"og:image:height\" content=\"2560\" \/>\n\t<meta property=\"og:image:type\" content=\"image\/jpeg\" \/>\n<meta name=\"twitter:card\" content=\"summary_large_image\" \/>\n<meta name=\"twitter:label1\" content=\"Availability\" \/>\n\t<meta name=\"twitter:data1\" content=\"In stock\" \/>\n<script type=\"application\/ld+json\" class=\"yoast-schema-graph\">{\"@context\":\"https:\/\/schema.org\",\"@graph\":[{\"@type\":\"WebPage\",\"@id\":\"https:\/\/oxoxclub.com\/lt\/products\/svarkeliai\/rusva-veganisko-kailio-liemene\/\",\"url\":\"https:\/\/oxoxclub.com\/lt\/products\/svarkeliai\/rusva-veganisko-kailio-liemene\/\",\"name\":\"Vegani\u0161ko kailio liemen\u0117 - OXOX\",\"isPartOf\":{\"@id\":\"https:\/\/oxoxclub.com\/lt\/#website\"},\"primaryImageOfPage\":{\"@id\":\"https:\/\/oxoxclub.com\/lt\/products\/svarkeliai\/rusva-veganisko-kailio-liemene\/#primaryimage\"},\"image\":{\"@id\":\"https:\/\/oxoxclub.com\/lt\/products\/svarkeliai\/rusva-veganisko-kailio-liemene\/#primaryimage\"},\"thumbnailUrl\":\"https:\/\/oxoxclub.com\/wp-content\/uploads\/62-1-scaled.jpg\",\"datePublished\":\"2025-12-03T11:01:49+00:00\",\"dateModified\":\"2026-01-22T10:39:18+00:00\",\"breadcrumb\":{\"@id\":\"https:\/\/oxoxclub.com\/lt\/products\/svarkeliai\/rusva-veganisko-kailio-liemene\/#breadcrumb\"},\"inLanguage\":\"lt-LT\",\"potentialAction\":[{\"@type\":\"ReadAction\",\"target\":[\"https:\/\/oxoxclub.com\/lt\/products\/svarkeliai\/rusva-veganisko-kailio-liemene\/\"]}]},{\"@type\":\"ImageObject\",\"inLanguage\":\"lt-LT\",\"@id\":\"https:\/\/oxoxclub.com\/lt\/products\/svarkeliai\/rusva-veganisko-kailio-liemene\/#primaryimage\",\"url\":\"https:\/\/oxoxclub.com\/wp-content\/uploads\/62-1-scaled.jpg\",\"contentUrl\":\"https:\/\/oxoxclub.com\/wp-content\/uploads\/62-1-scaled.jpg\",\"width\":1709,\"height\":2560},{\"@type\":\"BreadcrumbList\",\"@id\":\"https:\/\/oxoxclub.com\/lt\/products\/svarkeliai\/rusva-veganisko-kailio-liemene\/#breadcrumb\",\"itemListElement\":[{\"@type\":\"ListItem\",\"position\":1,\"name\":\"Home\",\"item\":\"https:\/\/oxoxclub.com\/lt\/\"},{\"@type\":\"ListItem\",\"position\":2,\"name\":\"Shop\",\"item\":\"https:\/\/oxoxclub.com\/products\/\"},{\"@type\":\"ListItem\",\"position\":3,\"name\":\"Vegani\u0161ko kailio liemen\u0117\"}]},{\"@type\":\"WebSite\",\"@id\":\"https:\/\/oxoxclub.com\/lt\/#website\",\"url\":\"https:\/\/oxoxclub.com\/lt\/\",\"name\":\"OXOX CLUB\",\"description\":\"On a mission of never growing up\",\"publisher\":{\"@id\":\"https:\/\/oxoxclub.com\/lt\/#organization\"},\"potentialAction\":[{\"@type\":\"SearchAction\",\"target\":{\"@type\":\"EntryPoint\",\"urlTemplate\":\"https:\/\/oxoxclub.com\/lt\/?s={search_term_string}\"},\"query-input\":{\"@type\":\"PropertyValueSpecification\",\"valueRequired\":true,\"valueName\":\"search_term_string\"}}],\"inLanguage\":\"lt-LT\"},{\"@type\":\"Organization\",\"@id\":\"https:\/\/oxoxclub.com\/lt\/#organization\",\"name\":\"OXOX CLUB\",\"url\":\"https:\/\/oxoxclub.com\/lt\/\",\"logo\":{\"@type\":\"ImageObject\",\"inLanguage\":\"lt-LT\",\"@id\":\"https:\/\/oxoxclub.com\/lt\/#\/schema\/logo\/image\/\",\"url\":\"https:\/\/oxoxclub.com\/wp-content\/uploads\/oxox-logo-in-blue-4.png\",\"contentUrl\":\"https:\/\/oxoxclub.com\/wp-content\/uploads\/oxox-logo-in-blue-4.png\",\"width\":414,\"height\":300,\"caption\":\"OXOX CLUB\"},\"image\":{\"@id\":\"https:\/\/oxoxclub.com\/lt\/#\/schema\/logo\/image\/\"},\"sameAs\":[\"https:\/\/facebook.com\/oxoxclub\/\",\"https:\/\/www.instagram.com\/oxoxclub\/\"]}]}<\/script>\n<meta property=\"og:availability\" content=\"instock\" \/>\n<meta property=\"product:availability\" content=\"instock\" \/>\n<meta property=\"product:retailer_item_id\" content=\"31.392.26\" \/>\n<meta property=\"product:condition\" content=\"new\" \/>\n<!-- \/ Yoast SEO Premium plugin. -->","yoast_head_json":{"title":"Vegani\u0161ko kailio liemen\u0117 - OXOX","robots":{"index":"index","follow":"follow","max-snippet":"max-snippet:-1","max-image-preview":"max-image-preview:large","max-video-preview":"max-video-preview:-1"},"canonical":"https:\/\/oxoxclub.com\/lt\/products\/svarkeliai\/rusva-veganisko-kailio-liemene\/","og_locale":"lt_LT","og_type":"article","og_title":"Vegani\u0161ko kailio liemen\u0117","og_description":"Jaukiausias unisex sluoksniavimo drabu\u017eis i\u0161 mink\u0161to vegani\u0161ko kailio, puo\u0161tas m\u016bs\u0173 ikoni\u0161ku i\u0161siuvin\u0117tu OXOX CLUB \u201ePotato\u201c logotipu priekyje. Kontrastingas u\u017etrauktukas ir apvalios priekin\u0117s ki\u0161en\u0117s suteikia \u017eaisming\u0105 akcent\u0105. Lengvai derinama su mar\u0161kin\u0117liais, megztiniais ar suknel\u0117mis, ji suteikia papildomos \u0161ilumos ir charakterio kasdieniams deriniams. 80% medviln\u0117, 20% poliesteris \/ Galima skalbti skalbykl\u0117je. Pagaminta Lietuvoje. Mia yra 124 cm [&hellip;]","og_url":"https:\/\/oxoxclub.com\/lt\/products\/svarkeliai\/rusva-veganisko-kailio-liemene\/","og_site_name":"OXOX","article_publisher":"https:\/\/facebook.com\/oxoxclub\/","article_modified_time":"2026-01-22T10:39:18+00:00","og_image":[{"width":1709,"height":2560,"url":"https:\/\/oxoxclub.com\/wp-content\/uploads\/62-1-scaled.jpg","type":"image\/jpeg"}],"twitter_card":"summary_large_image","twitter_misc":{"Availability":"In stock"},"schema":{"@context":"https:\/\/schema.org","@graph":[{"@type":"WebPage","@id":"https:\/\/oxoxclub.com\/lt\/products\/svarkeliai\/rusva-veganisko-kailio-liemene\/","url":"https:\/\/oxoxclub.com\/lt\/products\/svarkeliai\/rusva-veganisko-kailio-liemene\/","name":"Vegani\u0161ko kailio liemen\u0117 - OXOX","isPartOf":{"@id":"https:\/\/oxoxclub.com\/lt\/#website"},"primaryImageOfPage":{"@id":"https:\/\/oxoxclub.com\/lt\/products\/svarkeliai\/rusva-veganisko-kailio-liemene\/#primaryimage"},"image":{"@id":"https:\/\/oxoxclub.com\/lt\/products\/svarkeliai\/rusva-veganisko-kailio-liemene\/#primaryimage"},"thumbnailUrl":"https:\/\/oxoxclub.com\/wp-content\/uploads\/62-1-scaled.jpg","datePublished":"2025-12-03T11:01:49+00:00","dateModified":"2026-01-22T10:39:18+00:00","breadcrumb":{"@id":"https:\/\/oxoxclub.com\/lt\/products\/svarkeliai\/rusva-veganisko-kailio-liemene\/#breadcrumb"},"inLanguage":"lt-LT","potentialAction":[{"@type":"ReadAction","target":["https:\/\/oxoxclub.com\/lt\/products\/svarkeliai\/rusva-veganisko-kailio-liemene\/"]}]},{"@type":"ImageObject","inLanguage":"lt-LT","@id":"https:\/\/oxoxclub.com\/lt\/products\/svarkeliai\/rusva-veganisko-kailio-liemene\/#primaryimage","url":"https:\/\/oxoxclub.com\/wp-content\/uploads\/62-1-scaled.jpg","contentUrl":"https:\/\/oxoxclub.com\/wp-content\/uploads\/62-1-scaled.jpg","width":1709,"height":2560},{"@type":"BreadcrumbList","@id":"https:\/\/oxoxclub.com\/lt\/products\/svarkeliai\/rusva-veganisko-kailio-liemene\/#breadcrumb","itemListElement":[{"@type":"ListItem","position":1,"name":"Home","item":"https:\/\/oxoxclub.com\/lt\/"},{"@type":"ListItem","position":2,"name":"Shop","item":"https:\/\/oxoxclub.com\/products\/"},{"@type":"ListItem","position":3,"name":"Vegani\u0161ko kailio liemen\u0117"}]},{"@type":"WebSite","@id":"https:\/\/oxoxclub.com\/lt\/#website","url":"https:\/\/oxoxclub.com\/lt\/","name":"OXOX CLUB","description":"On a mission of never growing up","publisher":{"@id":"https:\/\/oxoxclub.com\/lt\/#organization"},"potentialAction":[{"@type":"SearchAction","target":{"@type":"EntryPoint","urlTemplate":"https:\/\/oxoxclub.com\/lt\/?s={search_term_string}"},"query-input":{"@type":"PropertyValueSpecification","valueRequired":true,"valueName":"search_term_string"}}],"inLanguage":"lt-LT"},{"@type":"Organization","@id":"https:\/\/oxoxclub.com\/lt\/#organization","name":"OXOX CLUB","url":"https:\/\/oxoxclub.com\/lt\/","logo":{"@type":"ImageObject","inLanguage":"lt-LT","@id":"https:\/\/oxoxclub.com\/lt\/#\/schema\/logo\/image\/","url":"https:\/\/oxoxclub.com\/wp-content\/uploads\/oxox-logo-in-blue-4.png","contentUrl":"https:\/\/oxoxclub.com\/wp-content\/uploads\/oxox-logo-in-blue-4.png","width":414,"height":300,"caption":"OXOX CLUB"},"image":{"@id":"https:\/\/oxoxclub.com\/lt\/#\/schema\/logo\/image\/"},"sameAs":["https:\/\/facebook.com\/oxoxclub\/","https:\/\/www.instagram.com\/oxoxclub\/"]}]},"og_availability":"instock","product_availability":"instock","product_retailer_item_id":"31.392.26","product_condition":"new"},"_links":{"self":[{"href":"https:\/\/oxoxclub.com\/lt\/wp-json\/wp\/v2\/product\/75394","targetHints":{"allow":["GET"]}}],"collection":[{"href":"https:\/\/oxoxclub.com\/lt\/wp-json\/wp\/v2\/product"}],"about":[{"href":"https:\/\/oxoxclub.com\/lt\/wp-json\/wp\/v2\/types\/product"}],"replies":[{"embeddable":true,"href":"https:\/\/oxoxclub.com\/lt\/wp-json\/wp\/v2\/comments?post=75394"}],"wp:featuredmedia":[{"embeddable":true,"href":"https:\/\/oxoxclub.com\/lt\/wp-json\/wp\/v2\/media\/75713"}],"wp:attachment":[{"href":"https:\/\/oxoxclub.com\/lt\/wp-json\/wp\/v2\/media?parent=75394"}],"wp:term":[{"taxonomy":"product_brand","embeddable":true,"href":"https:\/\/oxoxclub.com\/lt\/wp-json\/wp\/v2\/product_brand?post=75394"},{"taxonomy":"product_cat","embeddable":true,"href":"https:\/\/oxoxclub.com\/lt\/wp-json\/wp\/v2\/product_cat?post=75394"},{"taxonomy":"product_tag","embeddable":true,"href":"https:\/\/oxoxclub.com\/lt\/wp-json\/wp\/v2\/product_tag?post=75394"}],"curies":[{"name":"wp","href":"https:\/\/api.w.org\/{rel}","templated":true}]}}