{"id":75474,"date":"2025-12-03T15:41:12","date_gmt":"2025-12-03T13:41:12","guid":{"rendered":"https:\/\/oxoxclub.com\/?post_type=product&#038;p=75474"},"modified":"2026-01-05T15:25:10","modified_gmt":"2026-01-05T13:25:10","slug":"tamsiai-pilkos-kelnes-su-lopais","status":"publish","type":"product","link":"https:\/\/oxoxclub.com\/lt\/products\/vaikams\/kelnes-ir-sortai\/kelnes\/tamsiai-pilkos-kelnes-su-lopais\/","title":{"rendered":"Keln\u0117s su Lopais"},"content":{"rendered":"<p>Tiesaus kirpimo keln\u0117s lopais ant keli\u0173 \u2013 detal\u0117, kuri suteikia i\u0161skirtinumo. Si\u016btos i\u0161 mink\u0161tos, bet tvirtos medviln\u0117s su p\u016bkeliu viduje, jos i\u0161siskiria laisvu siluetu patogiu kasdienima jud\u0117jimui. Unisex garderobo pagrindas, lengvai derinamas su laisvais mar\u0161kiniais, megztiniais ar mar\u0161kin\u0117liais.<\/p>\n<p>Keln\u0117s turi reguliuojam\u0105 juosmens juostel\u0119.<\/p>\n<p>Gaminys yra prie\u0161 tai i\u0161skalbtas, kad b\u016bt\u0173 mink\u0161tesnis, nesitraukt\u0173 ir i\u0161laikyt\u0173 ry\u0161kias spalvas net po daugelio skalbim\u0173.<\/p>\n<p>75% medviln\u0117, 25% perdirbta medviln\u0117 \/Galima skalbti skalbykl\u0117je.<\/p>\n<p>Pagaminta Lietuvoje.<\/p>\n<p>M\u0117ta yra 130 cm \u016bgio ir d\u0117vi 7\u20138 met\u0173 dyd\u012f.<\/p>\n","protected":false},"excerpt":{"rendered":"<p>Tiesaus kirpimo keln\u0117s lopais ant keli\u0173 \u2013 detal\u0117, kuri suteikia i\u0161skirtinumo. Si\u016btos i\u0161 mink\u0161tos, bet tvirtos medviln\u0117s su p\u016bkeliu viduje, jos i\u0161siskiria laisvu siluetu patogiu kasdienima jud\u0117jimui. Unisex garderobo pagrindas, lengvai derinamas su laisvais mar\u0161kiniais, megztiniais ar mar\u0161kin\u0117liais. Keln\u0117s turi reguliuojam\u0105 juosmens juostel\u0119. Gaminys yra prie\u0161 tai i\u0161skalbtas, kad b\u016bt\u0173 mink\u0161tesnis, nesitraukt\u0173 ir i\u0161laikyt\u0173 ry\u0161kias [&hellip;]<\/p>\n","protected":false},"featured_media":75747,"comment_status":"open","ping_status":"closed","template":"","meta":[],"product_brand":[],"product_cat":[659,657,696],"product_tag":[],"class_list":{"0":"post-75474","1":"product","2":"type-product","3":"status-publish","4":"has-post-thumbnail","6":"product_cat-kelnes","7":"product_cat-kelnes-ir-sortai","8":"product_cat-naujienos","9":"pa_size-chart-86-92-en","10":"pa_size-chart-98-104-en","11":"pa_size-chart-110-116-en","12":"pa_size-chart-122-128-en","13":"pa_size-chart-134-140-en","14":"pa_size-chart-146-152-en","15":"pa_sweatpants-laisvalaikio-kelnes","17":"first","18":"instock","19":"taxable","20":"shipping-taxable","21":"purchasable","22":"product-type-variable"},"acf":[],"yoast_head":"<!-- This site is optimized with the Yoast SEO Premium plugin v20.11 (Yoast SEO v24.3) - https:\/\/yoast.com\/wordpress\/plugins\/seo\/ -->\n<title>Keln\u0117s su Lopais - OXOX<\/title>\n<meta name=\"robots\" content=\"index, follow, max-snippet:-1, max-image-preview:large, max-video-preview:-1\" \/>\n<link rel=\"canonical\" href=\"https:\/\/oxoxclub.com\/lt\/products\/vaikams\/kelnes-ir-sortai\/kelnes\/tamsiai-pilkos-kelnes-su-lopais\/\" \/>\n<meta property=\"og:locale\" content=\"lt_LT\" \/>\n<meta property=\"og:type\" content=\"article\" \/>\n<meta property=\"og:title\" content=\"Keln\u0117s su Lopais\" \/>\n<meta property=\"og:description\" content=\"Tiesaus kirpimo keln\u0117s lopais ant keli\u0173 \u2013 detal\u0117, kuri suteikia i\u0161skirtinumo. Si\u016btos i\u0161 mink\u0161tos, bet tvirtos medviln\u0117s su p\u016bkeliu viduje, jos i\u0161siskiria laisvu siluetu patogiu kasdienima jud\u0117jimui. Unisex garderobo pagrindas, lengvai derinamas su laisvais mar\u0161kiniais, megztiniais ar mar\u0161kin\u0117liais. Keln\u0117s turi reguliuojam\u0105 juosmens juostel\u0119. Gaminys yra prie\u0161 tai i\u0161skalbtas, kad b\u016bt\u0173 mink\u0161tesnis, nesitraukt\u0173 ir i\u0161laikyt\u0173 ry\u0161kias [&hellip;]\" \/>\n<meta property=\"og:url\" content=\"https:\/\/oxoxclub.com\/lt\/products\/vaikams\/kelnes-ir-sortai\/kelnes\/tamsiai-pilkos-kelnes-su-lopais\/\" \/>\n<meta property=\"og:site_name\" content=\"OXOX\" \/>\n<meta property=\"article:publisher\" content=\"https:\/\/facebook.com\/oxoxclub\/\" \/>\n<meta property=\"article:modified_time\" content=\"2026-01-05T13:25:10+00:00\" \/>\n<meta property=\"og:image\" content=\"https:\/\/oxoxclub.com\/wp-content\/uploads\/37-1-scaled.jpg\" \/>\n\t<meta property=\"og:image:width\" content=\"1709\" \/>\n\t<meta property=\"og:image:height\" content=\"2560\" \/>\n\t<meta property=\"og:image:type\" content=\"image\/jpeg\" \/>\n<meta name=\"twitter:card\" content=\"summary_large_image\" \/>\n<meta name=\"twitter:label1\" content=\"Availability\" \/>\n\t<meta name=\"twitter:data1\" content=\"In stock\" \/>\n<script type=\"application\/ld+json\" class=\"yoast-schema-graph\">{\"@context\":\"https:\/\/schema.org\",\"@graph\":[{\"@type\":\"WebPage\",\"@id\":\"https:\/\/oxoxclub.com\/lt\/products\/vaikams\/kelnes-ir-sortai\/kelnes\/tamsiai-pilkos-kelnes-su-lopais\/\",\"url\":\"https:\/\/oxoxclub.com\/lt\/products\/vaikams\/kelnes-ir-sortai\/kelnes\/tamsiai-pilkos-kelnes-su-lopais\/\",\"name\":\"Keln\u0117s su Lopais - OXOX\",\"isPartOf\":{\"@id\":\"https:\/\/oxoxclub.com\/lt\/#website\"},\"primaryImageOfPage\":{\"@id\":\"https:\/\/oxoxclub.com\/lt\/products\/vaikams\/kelnes-ir-sortai\/kelnes\/tamsiai-pilkos-kelnes-su-lopais\/#primaryimage\"},\"image\":{\"@id\":\"https:\/\/oxoxclub.com\/lt\/products\/vaikams\/kelnes-ir-sortai\/kelnes\/tamsiai-pilkos-kelnes-su-lopais\/#primaryimage\"},\"thumbnailUrl\":\"https:\/\/oxoxclub.com\/wp-content\/uploads\/37-1-scaled.jpg\",\"datePublished\":\"2025-12-03T13:41:12+00:00\",\"dateModified\":\"2026-01-05T13:25:10+00:00\",\"breadcrumb\":{\"@id\":\"https:\/\/oxoxclub.com\/lt\/products\/vaikams\/kelnes-ir-sortai\/kelnes\/tamsiai-pilkos-kelnes-su-lopais\/#breadcrumb\"},\"inLanguage\":\"lt-LT\",\"potentialAction\":[{\"@type\":\"ReadAction\",\"target\":[\"https:\/\/oxoxclub.com\/lt\/products\/vaikams\/kelnes-ir-sortai\/kelnes\/tamsiai-pilkos-kelnes-su-lopais\/\"]}]},{\"@type\":\"ImageObject\",\"inLanguage\":\"lt-LT\",\"@id\":\"https:\/\/oxoxclub.com\/lt\/products\/vaikams\/kelnes-ir-sortai\/kelnes\/tamsiai-pilkos-kelnes-su-lopais\/#primaryimage\",\"url\":\"https:\/\/oxoxclub.com\/wp-content\/uploads\/37-1-scaled.jpg\",\"contentUrl\":\"https:\/\/oxoxclub.com\/wp-content\/uploads\/37-1-scaled.jpg\",\"width\":1709,\"height\":2560},{\"@type\":\"BreadcrumbList\",\"@id\":\"https:\/\/oxoxclub.com\/lt\/products\/vaikams\/kelnes-ir-sortai\/kelnes\/tamsiai-pilkos-kelnes-su-lopais\/#breadcrumb\",\"itemListElement\":[{\"@type\":\"ListItem\",\"position\":1,\"name\":\"Home\",\"item\":\"https:\/\/oxoxclub.com\/lt\/\"},{\"@type\":\"ListItem\",\"position\":2,\"name\":\"Shop\",\"item\":\"https:\/\/oxoxclub.com\/products\/\"},{\"@type\":\"ListItem\",\"position\":3,\"name\":\"Keln\u0117s su Lopais\"}]},{\"@type\":\"WebSite\",\"@id\":\"https:\/\/oxoxclub.com\/lt\/#website\",\"url\":\"https:\/\/oxoxclub.com\/lt\/\",\"name\":\"OXOX CLUB\",\"description\":\"On a mission of never growing up\",\"publisher\":{\"@id\":\"https:\/\/oxoxclub.com\/lt\/#organization\"},\"potentialAction\":[{\"@type\":\"SearchAction\",\"target\":{\"@type\":\"EntryPoint\",\"urlTemplate\":\"https:\/\/oxoxclub.com\/lt\/?s={search_term_string}\"},\"query-input\":{\"@type\":\"PropertyValueSpecification\",\"valueRequired\":true,\"valueName\":\"search_term_string\"}}],\"inLanguage\":\"lt-LT\"},{\"@type\":\"Organization\",\"@id\":\"https:\/\/oxoxclub.com\/lt\/#organization\",\"name\":\"OXOX CLUB\",\"url\":\"https:\/\/oxoxclub.com\/lt\/\",\"logo\":{\"@type\":\"ImageObject\",\"inLanguage\":\"lt-LT\",\"@id\":\"https:\/\/oxoxclub.com\/lt\/#\/schema\/logo\/image\/\",\"url\":\"https:\/\/oxoxclub.com\/wp-content\/uploads\/oxox-logo-in-blue-4.png\",\"contentUrl\":\"https:\/\/oxoxclub.com\/wp-content\/uploads\/oxox-logo-in-blue-4.png\",\"width\":414,\"height\":300,\"caption\":\"OXOX CLUB\"},\"image\":{\"@id\":\"https:\/\/oxoxclub.com\/lt\/#\/schema\/logo\/image\/\"},\"sameAs\":[\"https:\/\/facebook.com\/oxoxclub\/\",\"https:\/\/www.instagram.com\/oxoxclub\/\"]}]}<\/script>\n<meta property=\"og:availability\" content=\"instock\" \/>\n<meta property=\"product:availability\" content=\"instock\" \/>\n<meta property=\"product:retailer_item_id\" content=\"31.259.39\" \/>\n<meta property=\"product:condition\" content=\"new\" \/>\n<!-- \/ Yoast SEO Premium plugin. -->","yoast_head_json":{"title":"Keln\u0117s su Lopais - OXOX","robots":{"index":"index","follow":"follow","max-snippet":"max-snippet:-1","max-image-preview":"max-image-preview:large","max-video-preview":"max-video-preview:-1"},"canonical":"https:\/\/oxoxclub.com\/lt\/products\/vaikams\/kelnes-ir-sortai\/kelnes\/tamsiai-pilkos-kelnes-su-lopais\/","og_locale":"lt_LT","og_type":"article","og_title":"Keln\u0117s su Lopais","og_description":"Tiesaus kirpimo keln\u0117s lopais ant keli\u0173 \u2013 detal\u0117, kuri suteikia i\u0161skirtinumo. Si\u016btos i\u0161 mink\u0161tos, bet tvirtos medviln\u0117s su p\u016bkeliu viduje, jos i\u0161siskiria laisvu siluetu patogiu kasdienima jud\u0117jimui. Unisex garderobo pagrindas, lengvai derinamas su laisvais mar\u0161kiniais, megztiniais ar mar\u0161kin\u0117liais. Keln\u0117s turi reguliuojam\u0105 juosmens juostel\u0119. Gaminys yra prie\u0161 tai i\u0161skalbtas, kad b\u016bt\u0173 mink\u0161tesnis, nesitraukt\u0173 ir i\u0161laikyt\u0173 ry\u0161kias [&hellip;]","og_url":"https:\/\/oxoxclub.com\/lt\/products\/vaikams\/kelnes-ir-sortai\/kelnes\/tamsiai-pilkos-kelnes-su-lopais\/","og_site_name":"OXOX","article_publisher":"https:\/\/facebook.com\/oxoxclub\/","article_modified_time":"2026-01-05T13:25:10+00:00","og_image":[{"width":1709,"height":2560,"url":"https:\/\/oxoxclub.com\/wp-content\/uploads\/37-1-scaled.jpg","type":"image\/jpeg"}],"twitter_card":"summary_large_image","twitter_misc":{"Availability":"In stock"},"schema":{"@context":"https:\/\/schema.org","@graph":[{"@type":"WebPage","@id":"https:\/\/oxoxclub.com\/lt\/products\/vaikams\/kelnes-ir-sortai\/kelnes\/tamsiai-pilkos-kelnes-su-lopais\/","url":"https:\/\/oxoxclub.com\/lt\/products\/vaikams\/kelnes-ir-sortai\/kelnes\/tamsiai-pilkos-kelnes-su-lopais\/","name":"Keln\u0117s su Lopais - OXOX","isPartOf":{"@id":"https:\/\/oxoxclub.com\/lt\/#website"},"primaryImageOfPage":{"@id":"https:\/\/oxoxclub.com\/lt\/products\/vaikams\/kelnes-ir-sortai\/kelnes\/tamsiai-pilkos-kelnes-su-lopais\/#primaryimage"},"image":{"@id":"https:\/\/oxoxclub.com\/lt\/products\/vaikams\/kelnes-ir-sortai\/kelnes\/tamsiai-pilkos-kelnes-su-lopais\/#primaryimage"},"thumbnailUrl":"https:\/\/oxoxclub.com\/wp-content\/uploads\/37-1-scaled.jpg","datePublished":"2025-12-03T13:41:12+00:00","dateModified":"2026-01-05T13:25:10+00:00","breadcrumb":{"@id":"https:\/\/oxoxclub.com\/lt\/products\/vaikams\/kelnes-ir-sortai\/kelnes\/tamsiai-pilkos-kelnes-su-lopais\/#breadcrumb"},"inLanguage":"lt-LT","potentialAction":[{"@type":"ReadAction","target":["https:\/\/oxoxclub.com\/lt\/products\/vaikams\/kelnes-ir-sortai\/kelnes\/tamsiai-pilkos-kelnes-su-lopais\/"]}]},{"@type":"ImageObject","inLanguage":"lt-LT","@id":"https:\/\/oxoxclub.com\/lt\/products\/vaikams\/kelnes-ir-sortai\/kelnes\/tamsiai-pilkos-kelnes-su-lopais\/#primaryimage","url":"https:\/\/oxoxclub.com\/wp-content\/uploads\/37-1-scaled.jpg","contentUrl":"https:\/\/oxoxclub.com\/wp-content\/uploads\/37-1-scaled.jpg","width":1709,"height":2560},{"@type":"BreadcrumbList","@id":"https:\/\/oxoxclub.com\/lt\/products\/vaikams\/kelnes-ir-sortai\/kelnes\/tamsiai-pilkos-kelnes-su-lopais\/#breadcrumb","itemListElement":[{"@type":"ListItem","position":1,"name":"Home","item":"https:\/\/oxoxclub.com\/lt\/"},{"@type":"ListItem","position":2,"name":"Shop","item":"https:\/\/oxoxclub.com\/products\/"},{"@type":"ListItem","position":3,"name":"Keln\u0117s su Lopais"}]},{"@type":"WebSite","@id":"https:\/\/oxoxclub.com\/lt\/#website","url":"https:\/\/oxoxclub.com\/lt\/","name":"OXOX CLUB","description":"On a mission of never growing up","publisher":{"@id":"https:\/\/oxoxclub.com\/lt\/#organization"},"potentialAction":[{"@type":"SearchAction","target":{"@type":"EntryPoint","urlTemplate":"https:\/\/oxoxclub.com\/lt\/?s={search_term_string}"},"query-input":{"@type":"PropertyValueSpecification","valueRequired":true,"valueName":"search_term_string"}}],"inLanguage":"lt-LT"},{"@type":"Organization","@id":"https:\/\/oxoxclub.com\/lt\/#organization","name":"OXOX CLUB","url":"https:\/\/oxoxclub.com\/lt\/","logo":{"@type":"ImageObject","inLanguage":"lt-LT","@id":"https:\/\/oxoxclub.com\/lt\/#\/schema\/logo\/image\/","url":"https:\/\/oxoxclub.com\/wp-content\/uploads\/oxox-logo-in-blue-4.png","contentUrl":"https:\/\/oxoxclub.com\/wp-content\/uploads\/oxox-logo-in-blue-4.png","width":414,"height":300,"caption":"OXOX CLUB"},"image":{"@id":"https:\/\/oxoxclub.com\/lt\/#\/schema\/logo\/image\/"},"sameAs":["https:\/\/facebook.com\/oxoxclub\/","https:\/\/www.instagram.com\/oxoxclub\/"]}]},"og_availability":"instock","product_availability":"instock","product_retailer_item_id":"31.259.39","product_condition":"new"},"_links":{"self":[{"href":"https:\/\/oxoxclub.com\/lt\/wp-json\/wp\/v2\/product\/75474","targetHints":{"allow":["GET"]}}],"collection":[{"href":"https:\/\/oxoxclub.com\/lt\/wp-json\/wp\/v2\/product"}],"about":[{"href":"https:\/\/oxoxclub.com\/lt\/wp-json\/wp\/v2\/types\/product"}],"replies":[{"embeddable":true,"href":"https:\/\/oxoxclub.com\/lt\/wp-json\/wp\/v2\/comments?post=75474"}],"wp:featuredmedia":[{"embeddable":true,"href":"https:\/\/oxoxclub.com\/lt\/wp-json\/wp\/v2\/media\/75747"}],"wp:attachment":[{"href":"https:\/\/oxoxclub.com\/lt\/wp-json\/wp\/v2\/media?parent=75474"}],"wp:term":[{"taxonomy":"product_brand","embeddable":true,"href":"https:\/\/oxoxclub.com\/lt\/wp-json\/wp\/v2\/product_brand?post=75474"},{"taxonomy":"product_cat","embeddable":true,"href":"https:\/\/oxoxclub.com\/lt\/wp-json\/wp\/v2\/product_cat?post=75474"},{"taxonomy":"product_tag","embeddable":true,"href":"https:\/\/oxoxclub.com\/lt\/wp-json\/wp\/v2\/product_tag?post=75474"}],"curies":[{"name":"wp","href":"https:\/\/api.w.org\/{rel}","templated":true}]}}