{"id":75494,"date":"2025-12-03T16:02:09","date_gmt":"2025-12-03T14:02:09","guid":{"rendered":"https:\/\/oxoxclub.com\/?post_type=product&#038;p=75494"},"modified":"2026-01-05T15:24:42","modified_gmt":"2026-01-05T13:24:42","slug":"tamsiai-pilkas-dzemperis-su-potato-aplikacija","status":"publish","type":"product","link":"https:\/\/oxoxclub.com\/lt\/products\/naujienos\/tamsiai-pilkas-dzemperis-su-potato-aplikacija\/","title":{"rendered":"D\u017eemperis su Potato Aplikacija"},"content":{"rendered":"<p>Padidinto silueto d\u017eemperis su \u0161variu, minimalistiniu dizainu, kuriam \u017eaismingumo suteikia \u201ePotato\u201c aplikacija. Pasi\u016btas i\u0161 stand\u017eios perdirbtos medviln\u0117s su p\u016bkeliu viduje, jis i\u0161laiko form\u0105 ir vis\u0105 dien\u0105 i\u0161lieka patogus. Matomos \u0161viesiai kremin\u0117s si\u016bl\u0117s suteikia grafin\u0119 detal\u0119 ir neleid\u017eia jam tapti pernelyg paprastam. Kasdienis unisex r\u016bbas, tapsiantis pagrindiniu spintos akcentu.<\/p>\n<p class=\"\" data-start=\"0\" data-end=\"379\">Gaminys yra prie\u0161 tai i\u0161skalbtas, kad b\u016bt\u0173 mink\u0161tesnis, nesitraukt\u0173 ir i\u0161laikyt\u0173 ry\u0161kias spalvas net po daugelio skalbim\u0173.<\/p>\n<p>75% medviln\u0117, 25% perdirbta medviln\u0117 \/Galima skalbti skalbykl\u0117je. \/ Galima skalbti skalbykl\u0117je.<\/p>\n<p>Pagaminta Lietuvoje.<\/p>\n<p>Markas yra 124 cm \u016bgio ir d\u0117vi 7\u20138 met\u0173 dyd\u012f.<\/p>\n","protected":false},"excerpt":{"rendered":"<p>Padidinto silueto d\u017eemperis su \u0161variu, minimalistiniu dizainu, kuriam \u017eaismingumo suteikia \u201ePotato\u201c aplikacija. Pasi\u016btas i\u0161 stand\u017eios perdirbtos medviln\u0117s su p\u016bkeliu viduje, jis i\u0161laiko form\u0105 ir vis\u0105 dien\u0105 i\u0161lieka patogus. Matomos \u0161viesiai kremin\u0117s si\u016bl\u0117s suteikia grafin\u0119 detal\u0119 ir neleid\u017eia jam tapti pernelyg paprastam. Kasdienis unisex r\u016bbas, tapsiantis pagrindiniu spintos akcentu. Gaminys yra prie\u0161 tai i\u0161skalbtas, kad b\u016bt\u0173 [&hellip;]<\/p>\n","protected":false},"featured_media":75755,"comment_status":"open","ping_status":"closed","template":"","meta":[],"product_brand":[],"product_cat":[825,690,804,696],"product_tag":[],"class_list":{"0":"post-75494","1":"product","2":"type-product","3":"status-publish","4":"has-post-thumbnail","6":"product_cat-20-lt","7":"product_cat-dzemperiai-lt","8":"product_cat-mylimiausi","9":"product_cat-naujienos","10":"pa_size-chart-86-92-en","11":"pa_size-chart-98-104-en","12":"pa_size-chart-110-116-en","13":"pa_size-chart-122-128-en","14":"pa_size-chart-134-140-en","15":"pa_size-chart-146-152-en","16":"pa_sweatshirts-dzemperiai","18":"first","19":"instock","20":"sale","21":"taxable","22":"shipping-taxable","23":"purchasable","24":"product-type-variable"},"acf":[],"yoast_head":"<!-- This site is optimized with the Yoast SEO Premium plugin v20.11 (Yoast SEO v24.3) - https:\/\/yoast.com\/wordpress\/plugins\/seo\/ -->\n<title>D\u017eemperis su Potato Aplikacija - OXOX<\/title>\n<meta name=\"robots\" content=\"index, follow, max-snippet:-1, max-image-preview:large, max-video-preview:-1\" \/>\n<link rel=\"canonical\" href=\"https:\/\/oxoxclub.com\/lt\/products\/naujienos\/tamsiai-pilkas-dzemperis-su-potato-aplikacija\/\" \/>\n<meta property=\"og:locale\" content=\"lt_LT\" \/>\n<meta property=\"og:type\" content=\"article\" \/>\n<meta property=\"og:title\" content=\"D\u017eemperis su Potato Aplikacija\" \/>\n<meta property=\"og:description\" content=\"Padidinto silueto d\u017eemperis su \u0161variu, minimalistiniu dizainu, kuriam \u017eaismingumo suteikia \u201ePotato\u201c aplikacija. Pasi\u016btas i\u0161 stand\u017eios perdirbtos medviln\u0117s su p\u016bkeliu viduje, jis i\u0161laiko form\u0105 ir vis\u0105 dien\u0105 i\u0161lieka patogus. Matomos \u0161viesiai kremin\u0117s si\u016bl\u0117s suteikia grafin\u0119 detal\u0119 ir neleid\u017eia jam tapti pernelyg paprastam. Kasdienis unisex r\u016bbas, tapsiantis pagrindiniu spintos akcentu. Gaminys yra prie\u0161 tai i\u0161skalbtas, kad b\u016bt\u0173 [&hellip;]\" \/>\n<meta property=\"og:url\" content=\"https:\/\/oxoxclub.com\/lt\/products\/naujienos\/tamsiai-pilkas-dzemperis-su-potato-aplikacija\/\" \/>\n<meta property=\"og:site_name\" content=\"OXOX\" \/>\n<meta property=\"article:publisher\" content=\"https:\/\/facebook.com\/oxoxclub\/\" \/>\n<meta property=\"article:modified_time\" content=\"2026-01-05T13:24:42+00:00\" \/>\n<meta property=\"og:image\" content=\"https:\/\/oxoxclub.com\/wp-content\/uploads\/71-2-scaled.jpg\" \/>\n\t<meta property=\"og:image:width\" content=\"1709\" \/>\n\t<meta property=\"og:image:height\" content=\"2560\" \/>\n\t<meta property=\"og:image:type\" content=\"image\/jpeg\" \/>\n<meta name=\"twitter:card\" content=\"summary_large_image\" \/>\n<meta name=\"twitter:label1\" content=\"Availability\" \/>\n\t<meta name=\"twitter:data1\" content=\"In stock\" \/>\n<script type=\"application\/ld+json\" class=\"yoast-schema-graph\">{\"@context\":\"https:\/\/schema.org\",\"@graph\":[{\"@type\":\"WebPage\",\"@id\":\"https:\/\/oxoxclub.com\/lt\/products\/naujienos\/tamsiai-pilkas-dzemperis-su-potato-aplikacija\/\",\"url\":\"https:\/\/oxoxclub.com\/lt\/products\/naujienos\/tamsiai-pilkas-dzemperis-su-potato-aplikacija\/\",\"name\":\"D\u017eemperis su Potato Aplikacija - OXOX\",\"isPartOf\":{\"@id\":\"https:\/\/oxoxclub.com\/lt\/#website\"},\"primaryImageOfPage\":{\"@id\":\"https:\/\/oxoxclub.com\/lt\/products\/naujienos\/tamsiai-pilkas-dzemperis-su-potato-aplikacija\/#primaryimage\"},\"image\":{\"@id\":\"https:\/\/oxoxclub.com\/lt\/products\/naujienos\/tamsiai-pilkas-dzemperis-su-potato-aplikacija\/#primaryimage\"},\"thumbnailUrl\":\"https:\/\/oxoxclub.com\/wp-content\/uploads\/71-2-scaled.jpg\",\"datePublished\":\"2025-12-03T14:02:09+00:00\",\"dateModified\":\"2026-01-05T13:24:42+00:00\",\"breadcrumb\":{\"@id\":\"https:\/\/oxoxclub.com\/lt\/products\/naujienos\/tamsiai-pilkas-dzemperis-su-potato-aplikacija\/#breadcrumb\"},\"inLanguage\":\"lt-LT\",\"potentialAction\":[{\"@type\":\"ReadAction\",\"target\":[\"https:\/\/oxoxclub.com\/lt\/products\/naujienos\/tamsiai-pilkas-dzemperis-su-potato-aplikacija\/\"]}]},{\"@type\":\"ImageObject\",\"inLanguage\":\"lt-LT\",\"@id\":\"https:\/\/oxoxclub.com\/lt\/products\/naujienos\/tamsiai-pilkas-dzemperis-su-potato-aplikacija\/#primaryimage\",\"url\":\"https:\/\/oxoxclub.com\/wp-content\/uploads\/71-2-scaled.jpg\",\"contentUrl\":\"https:\/\/oxoxclub.com\/wp-content\/uploads\/71-2-scaled.jpg\",\"width\":1709,\"height\":2560},{\"@type\":\"BreadcrumbList\",\"@id\":\"https:\/\/oxoxclub.com\/lt\/products\/naujienos\/tamsiai-pilkas-dzemperis-su-potato-aplikacija\/#breadcrumb\",\"itemListElement\":[{\"@type\":\"ListItem\",\"position\":1,\"name\":\"Home\",\"item\":\"https:\/\/oxoxclub.com\/lt\/\"},{\"@type\":\"ListItem\",\"position\":2,\"name\":\"Shop\",\"item\":\"https:\/\/oxoxclub.com\/products\/\"},{\"@type\":\"ListItem\",\"position\":3,\"name\":\"D\u017eemperis su Potato Aplikacija\"}]},{\"@type\":\"WebSite\",\"@id\":\"https:\/\/oxoxclub.com\/lt\/#website\",\"url\":\"https:\/\/oxoxclub.com\/lt\/\",\"name\":\"OXOX CLUB\",\"description\":\"On a mission of never growing up\",\"publisher\":{\"@id\":\"https:\/\/oxoxclub.com\/lt\/#organization\"},\"potentialAction\":[{\"@type\":\"SearchAction\",\"target\":{\"@type\":\"EntryPoint\",\"urlTemplate\":\"https:\/\/oxoxclub.com\/lt\/?s={search_term_string}\"},\"query-input\":{\"@type\":\"PropertyValueSpecification\",\"valueRequired\":true,\"valueName\":\"search_term_string\"}}],\"inLanguage\":\"lt-LT\"},{\"@type\":\"Organization\",\"@id\":\"https:\/\/oxoxclub.com\/lt\/#organization\",\"name\":\"OXOX CLUB\",\"url\":\"https:\/\/oxoxclub.com\/lt\/\",\"logo\":{\"@type\":\"ImageObject\",\"inLanguage\":\"lt-LT\",\"@id\":\"https:\/\/oxoxclub.com\/lt\/#\/schema\/logo\/image\/\",\"url\":\"https:\/\/oxoxclub.com\/wp-content\/uploads\/oxox-logo-in-blue-4.png\",\"contentUrl\":\"https:\/\/oxoxclub.com\/wp-content\/uploads\/oxox-logo-in-blue-4.png\",\"width\":414,\"height\":300,\"caption\":\"OXOX CLUB\"},\"image\":{\"@id\":\"https:\/\/oxoxclub.com\/lt\/#\/schema\/logo\/image\/\"},\"sameAs\":[\"https:\/\/facebook.com\/oxoxclub\/\",\"https:\/\/www.instagram.com\/oxoxclub\/\"]}]}<\/script>\n<meta property=\"og:availability\" content=\"instock\" \/>\n<meta property=\"product:availability\" content=\"instock\" \/>\n<meta property=\"product:retailer_item_id\" content=\"31.346.39\" \/>\n<meta property=\"product:condition\" content=\"new\" \/>\n<!-- \/ Yoast SEO Premium plugin. -->","yoast_head_json":{"title":"D\u017eemperis su Potato Aplikacija - OXOX","robots":{"index":"index","follow":"follow","max-snippet":"max-snippet:-1","max-image-preview":"max-image-preview:large","max-video-preview":"max-video-preview:-1"},"canonical":"https:\/\/oxoxclub.com\/lt\/products\/naujienos\/tamsiai-pilkas-dzemperis-su-potato-aplikacija\/","og_locale":"lt_LT","og_type":"article","og_title":"D\u017eemperis su Potato Aplikacija","og_description":"Padidinto silueto d\u017eemperis su \u0161variu, minimalistiniu dizainu, kuriam \u017eaismingumo suteikia \u201ePotato\u201c aplikacija. Pasi\u016btas i\u0161 stand\u017eios perdirbtos medviln\u0117s su p\u016bkeliu viduje, jis i\u0161laiko form\u0105 ir vis\u0105 dien\u0105 i\u0161lieka patogus. Matomos \u0161viesiai kremin\u0117s si\u016bl\u0117s suteikia grafin\u0119 detal\u0119 ir neleid\u017eia jam tapti pernelyg paprastam. Kasdienis unisex r\u016bbas, tapsiantis pagrindiniu spintos akcentu. Gaminys yra prie\u0161 tai i\u0161skalbtas, kad b\u016bt\u0173 [&hellip;]","og_url":"https:\/\/oxoxclub.com\/lt\/products\/naujienos\/tamsiai-pilkas-dzemperis-su-potato-aplikacija\/","og_site_name":"OXOX","article_publisher":"https:\/\/facebook.com\/oxoxclub\/","article_modified_time":"2026-01-05T13:24:42+00:00","og_image":[{"width":1709,"height":2560,"url":"https:\/\/oxoxclub.com\/wp-content\/uploads\/71-2-scaled.jpg","type":"image\/jpeg"}],"twitter_card":"summary_large_image","twitter_misc":{"Availability":"In stock"},"schema":{"@context":"https:\/\/schema.org","@graph":[{"@type":"WebPage","@id":"https:\/\/oxoxclub.com\/lt\/products\/naujienos\/tamsiai-pilkas-dzemperis-su-potato-aplikacija\/","url":"https:\/\/oxoxclub.com\/lt\/products\/naujienos\/tamsiai-pilkas-dzemperis-su-potato-aplikacija\/","name":"D\u017eemperis su Potato Aplikacija - OXOX","isPartOf":{"@id":"https:\/\/oxoxclub.com\/lt\/#website"},"primaryImageOfPage":{"@id":"https:\/\/oxoxclub.com\/lt\/products\/naujienos\/tamsiai-pilkas-dzemperis-su-potato-aplikacija\/#primaryimage"},"image":{"@id":"https:\/\/oxoxclub.com\/lt\/products\/naujienos\/tamsiai-pilkas-dzemperis-su-potato-aplikacija\/#primaryimage"},"thumbnailUrl":"https:\/\/oxoxclub.com\/wp-content\/uploads\/71-2-scaled.jpg","datePublished":"2025-12-03T14:02:09+00:00","dateModified":"2026-01-05T13:24:42+00:00","breadcrumb":{"@id":"https:\/\/oxoxclub.com\/lt\/products\/naujienos\/tamsiai-pilkas-dzemperis-su-potato-aplikacija\/#breadcrumb"},"inLanguage":"lt-LT","potentialAction":[{"@type":"ReadAction","target":["https:\/\/oxoxclub.com\/lt\/products\/naujienos\/tamsiai-pilkas-dzemperis-su-potato-aplikacija\/"]}]},{"@type":"ImageObject","inLanguage":"lt-LT","@id":"https:\/\/oxoxclub.com\/lt\/products\/naujienos\/tamsiai-pilkas-dzemperis-su-potato-aplikacija\/#primaryimage","url":"https:\/\/oxoxclub.com\/wp-content\/uploads\/71-2-scaled.jpg","contentUrl":"https:\/\/oxoxclub.com\/wp-content\/uploads\/71-2-scaled.jpg","width":1709,"height":2560},{"@type":"BreadcrumbList","@id":"https:\/\/oxoxclub.com\/lt\/products\/naujienos\/tamsiai-pilkas-dzemperis-su-potato-aplikacija\/#breadcrumb","itemListElement":[{"@type":"ListItem","position":1,"name":"Home","item":"https:\/\/oxoxclub.com\/lt\/"},{"@type":"ListItem","position":2,"name":"Shop","item":"https:\/\/oxoxclub.com\/products\/"},{"@type":"ListItem","position":3,"name":"D\u017eemperis su Potato Aplikacija"}]},{"@type":"WebSite","@id":"https:\/\/oxoxclub.com\/lt\/#website","url":"https:\/\/oxoxclub.com\/lt\/","name":"OXOX CLUB","description":"On a mission of never growing up","publisher":{"@id":"https:\/\/oxoxclub.com\/lt\/#organization"},"potentialAction":[{"@type":"SearchAction","target":{"@type":"EntryPoint","urlTemplate":"https:\/\/oxoxclub.com\/lt\/?s={search_term_string}"},"query-input":{"@type":"PropertyValueSpecification","valueRequired":true,"valueName":"search_term_string"}}],"inLanguage":"lt-LT"},{"@type":"Organization","@id":"https:\/\/oxoxclub.com\/lt\/#organization","name":"OXOX CLUB","url":"https:\/\/oxoxclub.com\/lt\/","logo":{"@type":"ImageObject","inLanguage":"lt-LT","@id":"https:\/\/oxoxclub.com\/lt\/#\/schema\/logo\/image\/","url":"https:\/\/oxoxclub.com\/wp-content\/uploads\/oxox-logo-in-blue-4.png","contentUrl":"https:\/\/oxoxclub.com\/wp-content\/uploads\/oxox-logo-in-blue-4.png","width":414,"height":300,"caption":"OXOX CLUB"},"image":{"@id":"https:\/\/oxoxclub.com\/lt\/#\/schema\/logo\/image\/"},"sameAs":["https:\/\/facebook.com\/oxoxclub\/","https:\/\/www.instagram.com\/oxoxclub\/"]}]},"og_availability":"instock","product_availability":"instock","product_retailer_item_id":"31.346.39","product_condition":"new"},"_links":{"self":[{"href":"https:\/\/oxoxclub.com\/lt\/wp-json\/wp\/v2\/product\/75494","targetHints":{"allow":["GET"]}}],"collection":[{"href":"https:\/\/oxoxclub.com\/lt\/wp-json\/wp\/v2\/product"}],"about":[{"href":"https:\/\/oxoxclub.com\/lt\/wp-json\/wp\/v2\/types\/product"}],"replies":[{"embeddable":true,"href":"https:\/\/oxoxclub.com\/lt\/wp-json\/wp\/v2\/comments?post=75494"}],"wp:featuredmedia":[{"embeddable":true,"href":"https:\/\/oxoxclub.com\/lt\/wp-json\/wp\/v2\/media\/75755"}],"wp:attachment":[{"href":"https:\/\/oxoxclub.com\/lt\/wp-json\/wp\/v2\/media?parent=75494"}],"wp:term":[{"taxonomy":"product_brand","embeddable":true,"href":"https:\/\/oxoxclub.com\/lt\/wp-json\/wp\/v2\/product_brand?post=75494"},{"taxonomy":"product_cat","embeddable":true,"href":"https:\/\/oxoxclub.com\/lt\/wp-json\/wp\/v2\/product_cat?post=75494"},{"taxonomy":"product_tag","embeddable":true,"href":"https:\/\/oxoxclub.com\/lt\/wp-json\/wp\/v2\/product_tag?post=75494"}],"curies":[{"name":"wp","href":"https:\/\/api.w.org\/{rel}","templated":true}]}}