{"id":75554,"date":"2025-12-03T16:18:00","date_gmt":"2025-12-03T14:18:00","guid":{"rendered":"https:\/\/oxoxclub.com\/?post_type=product&#038;p=75554"},"modified":"2026-01-05T15:21:07","modified_gmt":"2026-01-05T13:21:07","slug":"raudona-anguota-suknele-su-apykakle","status":"publish","type":"product","link":"https:\/\/oxoxclub.com\/lt\/products\/vaikams\/sukneles-ir-sijonai\/sukneles\/raudona-anguota-suknele-su-apykakle\/","title":{"rendered":"Languota Suknel\u0117"},"content":{"rendered":"<p>\u0160velnios flanelin\u0117s medviln\u0117s suknel\u0117 stambiais langeliais, sukurta ir \u0161vent\u0117ms, ir jaukiems savaitgaliams. Didel\u0117 apvali apykakl\u0117 ir ma\u017eyt\u0117 sagut\u0117 nugaroje suteikia \u017eav\u0173, \u0161iek tiek retro \u012fvaizd\u012f, o midi ilgio siluetas palieka daug vietos suktis ir jud\u0117ti. Tobulas pasirinkimas vakar\u0117liams, \u0161eimos susitikimams ar tiesiog miesto kavin\u0117ms.<\/p>\n<p>100% ekologi\u0161ka medviln\u0117 \/ Galima skalbti skalbykl\u0117je.<\/p>\n<p>Pagaminta Lietuvoje.<\/p>\n<p>Nora yra 115 cm \u016bgio ir d\u0117vi 7-8 met\u0173 dyd\u012f.<\/p>\n","protected":false},"excerpt":{"rendered":"<p>\u0160velnios flanelin\u0117s medviln\u0117s suknel\u0117 stambiais langeliais, sukurta ir \u0161vent\u0117ms, ir jaukiems savaitgaliams. Didel\u0117 apvali apykakl\u0117 ir ma\u017eyt\u0117 sagut\u0117 nugaroje suteikia \u017eav\u0173, \u0161iek tiek retro \u012fvaizd\u012f, o midi ilgio siluetas palieka daug vietos suktis ir jud\u0117ti. Tobulas pasirinkimas vakar\u0117liams, \u0161eimos susitikimams ar tiesiog miesto kavin\u0117ms. 100% ekologi\u0161ka medviln\u0117 \/ Galima skalbti skalbykl\u0117je. Pagaminta Lietuvoje. Nora yra [&hellip;]<\/p>\n","protected":false},"featured_media":75778,"comment_status":"open","ping_status":"closed","template":"","meta":[],"product_brand":[],"product_cat":[696,662,661],"product_tag":[],"class_list":{"0":"post-75554","1":"product","2":"type-product","3":"status-publish","4":"has-post-thumbnail","6":"product_cat-naujienos","7":"product_cat-sukneles","8":"product_cat-sukneles-ir-sijonai","9":"pa_dresses-sukneles","10":"pa_size-chart-86-92-en","11":"pa_size-chart-98-104-en","12":"pa_size-chart-110-116-en","13":"pa_size-chart-122-128-en","14":"pa_size-chart-134-140-en","15":"pa_size-chart-146-152-en","17":"first","18":"instock","19":"taxable","20":"shipping-taxable","21":"purchasable","22":"product-type-variable"},"acf":[],"yoast_head":"<!-- This site is optimized with the Yoast SEO Premium plugin v20.11 (Yoast SEO v24.3) - https:\/\/yoast.com\/wordpress\/plugins\/seo\/ -->\n<title>Languota Suknel\u0117 - OXOX<\/title>\n<meta name=\"robots\" content=\"index, follow, max-snippet:-1, max-image-preview:large, max-video-preview:-1\" \/>\n<link rel=\"canonical\" href=\"https:\/\/oxoxclub.com\/lt\/products\/vaikams\/sukneles-ir-sijonai\/sukneles\/raudona-anguota-suknele-su-apykakle\/\" \/>\n<meta property=\"og:locale\" content=\"lt_LT\" \/>\n<meta property=\"og:type\" content=\"article\" \/>\n<meta property=\"og:title\" content=\"Languota Suknel\u0117\" \/>\n<meta property=\"og:description\" content=\"\u0160velnios flanelin\u0117s medviln\u0117s suknel\u0117 stambiais langeliais, sukurta ir \u0161vent\u0117ms, ir jaukiems savaitgaliams. Didel\u0117 apvali apykakl\u0117 ir ma\u017eyt\u0117 sagut\u0117 nugaroje suteikia \u017eav\u0173, \u0161iek tiek retro \u012fvaizd\u012f, o midi ilgio siluetas palieka daug vietos suktis ir jud\u0117ti. Tobulas pasirinkimas vakar\u0117liams, \u0161eimos susitikimams ar tiesiog miesto kavin\u0117ms. 100% ekologi\u0161ka medviln\u0117 \/ Galima skalbti skalbykl\u0117je. Pagaminta Lietuvoje. Nora yra [&hellip;]\" \/>\n<meta property=\"og:url\" content=\"https:\/\/oxoxclub.com\/lt\/products\/vaikams\/sukneles-ir-sijonai\/sukneles\/raudona-anguota-suknele-su-apykakle\/\" \/>\n<meta property=\"og:site_name\" content=\"OXOX\" \/>\n<meta property=\"article:publisher\" content=\"https:\/\/facebook.com\/oxoxclub\/\" \/>\n<meta property=\"article:modified_time\" content=\"2026-01-05T13:21:07+00:00\" \/>\n<meta property=\"og:image\" content=\"https:\/\/oxoxclub.com\/wp-content\/uploads\/1-11-scaled.jpg\" \/>\n\t<meta property=\"og:image:width\" content=\"1709\" \/>\n\t<meta property=\"og:image:height\" content=\"2560\" \/>\n\t<meta property=\"og:image:type\" content=\"image\/jpeg\" \/>\n<meta name=\"twitter:card\" content=\"summary_large_image\" \/>\n<meta name=\"twitter:label1\" content=\"Availability\" \/>\n\t<meta name=\"twitter:data1\" content=\"In stock\" \/>\n<script type=\"application\/ld+json\" class=\"yoast-schema-graph\">{\"@context\":\"https:\/\/schema.org\",\"@graph\":[{\"@type\":\"WebPage\",\"@id\":\"https:\/\/oxoxclub.com\/lt\/products\/vaikams\/sukneles-ir-sijonai\/sukneles\/raudona-anguota-suknele-su-apykakle\/\",\"url\":\"https:\/\/oxoxclub.com\/lt\/products\/vaikams\/sukneles-ir-sijonai\/sukneles\/raudona-anguota-suknele-su-apykakle\/\",\"name\":\"Languota Suknel\u0117 - OXOX\",\"isPartOf\":{\"@id\":\"https:\/\/oxoxclub.com\/lt\/#website\"},\"primaryImageOfPage\":{\"@id\":\"https:\/\/oxoxclub.com\/lt\/products\/vaikams\/sukneles-ir-sijonai\/sukneles\/raudona-anguota-suknele-su-apykakle\/#primaryimage\"},\"image\":{\"@id\":\"https:\/\/oxoxclub.com\/lt\/products\/vaikams\/sukneles-ir-sijonai\/sukneles\/raudona-anguota-suknele-su-apykakle\/#primaryimage\"},\"thumbnailUrl\":\"https:\/\/oxoxclub.com\/wp-content\/uploads\/1-11-scaled.jpg\",\"datePublished\":\"2025-12-03T14:18:00+00:00\",\"dateModified\":\"2026-01-05T13:21:07+00:00\",\"breadcrumb\":{\"@id\":\"https:\/\/oxoxclub.com\/lt\/products\/vaikams\/sukneles-ir-sijonai\/sukneles\/raudona-anguota-suknele-su-apykakle\/#breadcrumb\"},\"inLanguage\":\"lt-LT\",\"potentialAction\":[{\"@type\":\"ReadAction\",\"target\":[\"https:\/\/oxoxclub.com\/lt\/products\/vaikams\/sukneles-ir-sijonai\/sukneles\/raudona-anguota-suknele-su-apykakle\/\"]}]},{\"@type\":\"ImageObject\",\"inLanguage\":\"lt-LT\",\"@id\":\"https:\/\/oxoxclub.com\/lt\/products\/vaikams\/sukneles-ir-sijonai\/sukneles\/raudona-anguota-suknele-su-apykakle\/#primaryimage\",\"url\":\"https:\/\/oxoxclub.com\/wp-content\/uploads\/1-11-scaled.jpg\",\"contentUrl\":\"https:\/\/oxoxclub.com\/wp-content\/uploads\/1-11-scaled.jpg\",\"width\":1709,\"height\":2560},{\"@type\":\"BreadcrumbList\",\"@id\":\"https:\/\/oxoxclub.com\/lt\/products\/vaikams\/sukneles-ir-sijonai\/sukneles\/raudona-anguota-suknele-su-apykakle\/#breadcrumb\",\"itemListElement\":[{\"@type\":\"ListItem\",\"position\":1,\"name\":\"Home\",\"item\":\"https:\/\/oxoxclub.com\/lt\/\"},{\"@type\":\"ListItem\",\"position\":2,\"name\":\"Shop\",\"item\":\"https:\/\/oxoxclub.com\/products\/\"},{\"@type\":\"ListItem\",\"position\":3,\"name\":\"Languota Suknel\u0117\"}]},{\"@type\":\"WebSite\",\"@id\":\"https:\/\/oxoxclub.com\/lt\/#website\",\"url\":\"https:\/\/oxoxclub.com\/lt\/\",\"name\":\"OXOX CLUB\",\"description\":\"On a mission of never growing up\",\"publisher\":{\"@id\":\"https:\/\/oxoxclub.com\/lt\/#organization\"},\"potentialAction\":[{\"@type\":\"SearchAction\",\"target\":{\"@type\":\"EntryPoint\",\"urlTemplate\":\"https:\/\/oxoxclub.com\/lt\/?s={search_term_string}\"},\"query-input\":{\"@type\":\"PropertyValueSpecification\",\"valueRequired\":true,\"valueName\":\"search_term_string\"}}],\"inLanguage\":\"lt-LT\"},{\"@type\":\"Organization\",\"@id\":\"https:\/\/oxoxclub.com\/lt\/#organization\",\"name\":\"OXOX CLUB\",\"url\":\"https:\/\/oxoxclub.com\/lt\/\",\"logo\":{\"@type\":\"ImageObject\",\"inLanguage\":\"lt-LT\",\"@id\":\"https:\/\/oxoxclub.com\/lt\/#\/schema\/logo\/image\/\",\"url\":\"https:\/\/oxoxclub.com\/wp-content\/uploads\/oxox-logo-in-blue-4.png\",\"contentUrl\":\"https:\/\/oxoxclub.com\/wp-content\/uploads\/oxox-logo-in-blue-4.png\",\"width\":414,\"height\":300,\"caption\":\"OXOX CLUB\"},\"image\":{\"@id\":\"https:\/\/oxoxclub.com\/lt\/#\/schema\/logo\/image\/\"},\"sameAs\":[\"https:\/\/facebook.com\/oxoxclub\/\",\"https:\/\/www.instagram.com\/oxoxclub\/\"]}]}<\/script>\n<meta property=\"og:availability\" content=\"instock\" \/>\n<meta property=\"product:availability\" content=\"instock\" \/>\n<meta property=\"product:retailer_item_id\" content=\"31.487.05\" \/>\n<meta property=\"product:condition\" content=\"new\" \/>\n<!-- \/ Yoast SEO Premium plugin. -->","yoast_head_json":{"title":"Languota Suknel\u0117 - OXOX","robots":{"index":"index","follow":"follow","max-snippet":"max-snippet:-1","max-image-preview":"max-image-preview:large","max-video-preview":"max-video-preview:-1"},"canonical":"https:\/\/oxoxclub.com\/lt\/products\/vaikams\/sukneles-ir-sijonai\/sukneles\/raudona-anguota-suknele-su-apykakle\/","og_locale":"lt_LT","og_type":"article","og_title":"Languota Suknel\u0117","og_description":"\u0160velnios flanelin\u0117s medviln\u0117s suknel\u0117 stambiais langeliais, sukurta ir \u0161vent\u0117ms, ir jaukiems savaitgaliams. Didel\u0117 apvali apykakl\u0117 ir ma\u017eyt\u0117 sagut\u0117 nugaroje suteikia \u017eav\u0173, \u0161iek tiek retro \u012fvaizd\u012f, o midi ilgio siluetas palieka daug vietos suktis ir jud\u0117ti. Tobulas pasirinkimas vakar\u0117liams, \u0161eimos susitikimams ar tiesiog miesto kavin\u0117ms. 100% ekologi\u0161ka medviln\u0117 \/ Galima skalbti skalbykl\u0117je. Pagaminta Lietuvoje. Nora yra [&hellip;]","og_url":"https:\/\/oxoxclub.com\/lt\/products\/vaikams\/sukneles-ir-sijonai\/sukneles\/raudona-anguota-suknele-su-apykakle\/","og_site_name":"OXOX","article_publisher":"https:\/\/facebook.com\/oxoxclub\/","article_modified_time":"2026-01-05T13:21:07+00:00","og_image":[{"width":1709,"height":2560,"url":"https:\/\/oxoxclub.com\/wp-content\/uploads\/1-11-scaled.jpg","type":"image\/jpeg"}],"twitter_card":"summary_large_image","twitter_misc":{"Availability":"In stock"},"schema":{"@context":"https:\/\/schema.org","@graph":[{"@type":"WebPage","@id":"https:\/\/oxoxclub.com\/lt\/products\/vaikams\/sukneles-ir-sijonai\/sukneles\/raudona-anguota-suknele-su-apykakle\/","url":"https:\/\/oxoxclub.com\/lt\/products\/vaikams\/sukneles-ir-sijonai\/sukneles\/raudona-anguota-suknele-su-apykakle\/","name":"Languota Suknel\u0117 - OXOX","isPartOf":{"@id":"https:\/\/oxoxclub.com\/lt\/#website"},"primaryImageOfPage":{"@id":"https:\/\/oxoxclub.com\/lt\/products\/vaikams\/sukneles-ir-sijonai\/sukneles\/raudona-anguota-suknele-su-apykakle\/#primaryimage"},"image":{"@id":"https:\/\/oxoxclub.com\/lt\/products\/vaikams\/sukneles-ir-sijonai\/sukneles\/raudona-anguota-suknele-su-apykakle\/#primaryimage"},"thumbnailUrl":"https:\/\/oxoxclub.com\/wp-content\/uploads\/1-11-scaled.jpg","datePublished":"2025-12-03T14:18:00+00:00","dateModified":"2026-01-05T13:21:07+00:00","breadcrumb":{"@id":"https:\/\/oxoxclub.com\/lt\/products\/vaikams\/sukneles-ir-sijonai\/sukneles\/raudona-anguota-suknele-su-apykakle\/#breadcrumb"},"inLanguage":"lt-LT","potentialAction":[{"@type":"ReadAction","target":["https:\/\/oxoxclub.com\/lt\/products\/vaikams\/sukneles-ir-sijonai\/sukneles\/raudona-anguota-suknele-su-apykakle\/"]}]},{"@type":"ImageObject","inLanguage":"lt-LT","@id":"https:\/\/oxoxclub.com\/lt\/products\/vaikams\/sukneles-ir-sijonai\/sukneles\/raudona-anguota-suknele-su-apykakle\/#primaryimage","url":"https:\/\/oxoxclub.com\/wp-content\/uploads\/1-11-scaled.jpg","contentUrl":"https:\/\/oxoxclub.com\/wp-content\/uploads\/1-11-scaled.jpg","width":1709,"height":2560},{"@type":"BreadcrumbList","@id":"https:\/\/oxoxclub.com\/lt\/products\/vaikams\/sukneles-ir-sijonai\/sukneles\/raudona-anguota-suknele-su-apykakle\/#breadcrumb","itemListElement":[{"@type":"ListItem","position":1,"name":"Home","item":"https:\/\/oxoxclub.com\/lt\/"},{"@type":"ListItem","position":2,"name":"Shop","item":"https:\/\/oxoxclub.com\/products\/"},{"@type":"ListItem","position":3,"name":"Languota Suknel\u0117"}]},{"@type":"WebSite","@id":"https:\/\/oxoxclub.com\/lt\/#website","url":"https:\/\/oxoxclub.com\/lt\/","name":"OXOX CLUB","description":"On a mission of never growing up","publisher":{"@id":"https:\/\/oxoxclub.com\/lt\/#organization"},"potentialAction":[{"@type":"SearchAction","target":{"@type":"EntryPoint","urlTemplate":"https:\/\/oxoxclub.com\/lt\/?s={search_term_string}"},"query-input":{"@type":"PropertyValueSpecification","valueRequired":true,"valueName":"search_term_string"}}],"inLanguage":"lt-LT"},{"@type":"Organization","@id":"https:\/\/oxoxclub.com\/lt\/#organization","name":"OXOX CLUB","url":"https:\/\/oxoxclub.com\/lt\/","logo":{"@type":"ImageObject","inLanguage":"lt-LT","@id":"https:\/\/oxoxclub.com\/lt\/#\/schema\/logo\/image\/","url":"https:\/\/oxoxclub.com\/wp-content\/uploads\/oxox-logo-in-blue-4.png","contentUrl":"https:\/\/oxoxclub.com\/wp-content\/uploads\/oxox-logo-in-blue-4.png","width":414,"height":300,"caption":"OXOX CLUB"},"image":{"@id":"https:\/\/oxoxclub.com\/lt\/#\/schema\/logo\/image\/"},"sameAs":["https:\/\/facebook.com\/oxoxclub\/","https:\/\/www.instagram.com\/oxoxclub\/"]}]},"og_availability":"instock","product_availability":"instock","product_retailer_item_id":"31.487.05","product_condition":"new"},"_links":{"self":[{"href":"https:\/\/oxoxclub.com\/lt\/wp-json\/wp\/v2\/product\/75554","targetHints":{"allow":["GET"]}}],"collection":[{"href":"https:\/\/oxoxclub.com\/lt\/wp-json\/wp\/v2\/product"}],"about":[{"href":"https:\/\/oxoxclub.com\/lt\/wp-json\/wp\/v2\/types\/product"}],"replies":[{"embeddable":true,"href":"https:\/\/oxoxclub.com\/lt\/wp-json\/wp\/v2\/comments?post=75554"}],"wp:featuredmedia":[{"embeddable":true,"href":"https:\/\/oxoxclub.com\/lt\/wp-json\/wp\/v2\/media\/75778"}],"wp:attachment":[{"href":"https:\/\/oxoxclub.com\/lt\/wp-json\/wp\/v2\/media?parent=75554"}],"wp:term":[{"taxonomy":"product_brand","embeddable":true,"href":"https:\/\/oxoxclub.com\/lt\/wp-json\/wp\/v2\/product_brand?post=75554"},{"taxonomy":"product_cat","embeddable":true,"href":"https:\/\/oxoxclub.com\/lt\/wp-json\/wp\/v2\/product_cat?post=75554"},{"taxonomy":"product_tag","embeddable":true,"href":"https:\/\/oxoxclub.com\/lt\/wp-json\/wp\/v2\/product_tag?post=75554"}],"curies":[{"name":"wp","href":"https:\/\/api.w.org\/{rel}","templated":true}]}}