{"id":75594,"date":"2025-12-03T16:31:08","date_gmt":"2025-12-03T14:31:08","guid":{"rendered":"https:\/\/oxoxclub.com\/?post_type=product&#038;p=75594"},"modified":"2026-01-22T15:18:50","modified_gmt":"2026-01-22T13:18:50","slug":"juodi-languoti-marskiniai","status":"publish","type":"product","link":"https:\/\/oxoxclub.com\/lt\/products\/topai-ir-marskineliai-lt-2\/juodi-languoti-marskiniai\/","title":{"rendered":"Languoti Mar\u0161kiniai"},"content":{"rendered":"<p>Laisvi languoti mar\u0161kiniai i\u0161 mink\u0161tos flanelin\u0117s medviln\u0117s su lengvu ir padidintu siluetu. Su i\u0161siuvin\u0117tu OXOX CLUB logotipu ir didele dekoratyvia ki\u0161ene priekyje \u2013 tai lengvai derinamas sluoksniavimo drabu\u017eis, suteikiantis urban stilistikos betkokiam \u012fvaizd\u017eiui.<\/p>\n<p>100% ekologi\u0161ka medviln\u0117 \/ Galima skalbti skalbykl\u0117je.<\/p>\n<p>Pagaminta Lietuvoje.<\/p>\n<p>Markas yra 124 cm \u016bgio ir d\u0117vi 7\u20138 met\u0173 dyd\u012f.<\/p>\n","protected":false},"excerpt":{"rendered":"<p>Laisvi languoti mar\u0161kiniai i\u0161 mink\u0161tos flanelin\u0117s medviln\u0117s su lengvu ir padidintu siluetu. Su i\u0161siuvin\u0117tu OXOX CLUB logotipu ir didele dekoratyvia ki\u0161ene priekyje \u2013 tai lengvai derinamas sluoksniavimo drabu\u017eis, suteikiantis urban stilistikos betkokiam \u012fvaizd\u017eiui. 100% ekologi\u0161ka medviln\u0117 \/ Galima skalbti skalbykl\u0117je. Pagaminta Lietuvoje. Markas yra 124 cm \u016bgio ir d\u0117vi 7\u20138 met\u0173 dyd\u012f.<\/p>\n","protected":false},"featured_media":75794,"comment_status":"open","ping_status":"closed","template":"","meta":[],"product_brand":[],"product_cat":[696,686,806,685],"product_tag":[748],"class_list":{"0":"post-75594","1":"product","2":"type-product","3":"status-publish","4":"has-post-thumbnail","6":"product_cat-naujienos","7":"product_cat-palaidines","8":"product_cat-pavasario-favoritai","9":"product_cat-topai-ir-marskineliai-lt-2","10":"product_tag-organic-cotton-lt","11":"pa_size-chart-86-92-en","12":"pa_size-chart-98-104-en","13":"pa_size-chart-110-116-en","14":"pa_size-chart-122-128-en","15":"pa_size-chart-134-140-en","16":"pa_size-chart-146-152-en","17":"pa_t-shirts-marskiniai-ir-palaidines","19":"first","20":"instock","21":"taxable","22":"shipping-taxable","23":"purchasable","24":"product-type-variable"},"acf":[],"yoast_head":"<!-- This site is optimized with the Yoast SEO Premium plugin v20.11 (Yoast SEO v24.3) - https:\/\/yoast.com\/wordpress\/plugins\/seo\/ -->\n<title>Languoti Mar\u0161kiniai - OXOX<\/title>\n<meta name=\"robots\" content=\"index, follow, max-snippet:-1, max-image-preview:large, max-video-preview:-1\" \/>\n<link rel=\"canonical\" href=\"https:\/\/oxoxclub.com\/lt\/products\/topai-ir-marskineliai-lt-2\/juodi-languoti-marskiniai\/\" \/>\n<meta property=\"og:locale\" content=\"lt_LT\" \/>\n<meta property=\"og:type\" content=\"article\" \/>\n<meta property=\"og:title\" content=\"Languoti Mar\u0161kiniai\" \/>\n<meta property=\"og:description\" content=\"Laisvi languoti mar\u0161kiniai i\u0161 mink\u0161tos flanelin\u0117s medviln\u0117s su lengvu ir padidintu siluetu. Su i\u0161siuvin\u0117tu OXOX CLUB logotipu ir didele dekoratyvia ki\u0161ene priekyje \u2013 tai lengvai derinamas sluoksniavimo drabu\u017eis, suteikiantis urban stilistikos betkokiam \u012fvaizd\u017eiui. 100% ekologi\u0161ka medviln\u0117 \/ Galima skalbti skalbykl\u0117je. Pagaminta Lietuvoje. Markas yra 124 cm \u016bgio ir d\u0117vi 7\u20138 met\u0173 dyd\u012f.\" \/>\n<meta property=\"og:url\" content=\"https:\/\/oxoxclub.com\/lt\/products\/topai-ir-marskineliai-lt-2\/juodi-languoti-marskiniai\/\" \/>\n<meta property=\"og:site_name\" content=\"OXOX\" \/>\n<meta property=\"article:publisher\" content=\"https:\/\/facebook.com\/oxoxclub\/\" \/>\n<meta property=\"article:modified_time\" content=\"2026-01-22T13:18:50+00:00\" \/>\n<meta property=\"og:image\" content=\"https:\/\/oxoxclub.com\/wp-content\/uploads\/117-3-scaled.jpg\" \/>\n\t<meta property=\"og:image:width\" content=\"1709\" \/>\n\t<meta property=\"og:image:height\" content=\"2560\" \/>\n\t<meta property=\"og:image:type\" content=\"image\/jpeg\" \/>\n<meta name=\"twitter:card\" content=\"summary_large_image\" \/>\n<meta name=\"twitter:label1\" content=\"Availability\" \/>\n\t<meta name=\"twitter:data1\" content=\"In stock\" \/>\n<script type=\"application\/ld+json\" class=\"yoast-schema-graph\">{\"@context\":\"https:\/\/schema.org\",\"@graph\":[{\"@type\":\"WebPage\",\"@id\":\"https:\/\/oxoxclub.com\/lt\/products\/topai-ir-marskineliai-lt-2\/juodi-languoti-marskiniai\/\",\"url\":\"https:\/\/oxoxclub.com\/lt\/products\/topai-ir-marskineliai-lt-2\/juodi-languoti-marskiniai\/\",\"name\":\"Languoti Mar\u0161kiniai - OXOX\",\"isPartOf\":{\"@id\":\"https:\/\/oxoxclub.com\/lt\/#website\"},\"primaryImageOfPage\":{\"@id\":\"https:\/\/oxoxclub.com\/lt\/products\/topai-ir-marskineliai-lt-2\/juodi-languoti-marskiniai\/#primaryimage\"},\"image\":{\"@id\":\"https:\/\/oxoxclub.com\/lt\/products\/topai-ir-marskineliai-lt-2\/juodi-languoti-marskiniai\/#primaryimage\"},\"thumbnailUrl\":\"https:\/\/oxoxclub.com\/wp-content\/uploads\/117-3-scaled.jpg\",\"datePublished\":\"2025-12-03T14:31:08+00:00\",\"dateModified\":\"2026-01-22T13:18:50+00:00\",\"breadcrumb\":{\"@id\":\"https:\/\/oxoxclub.com\/lt\/products\/topai-ir-marskineliai-lt-2\/juodi-languoti-marskiniai\/#breadcrumb\"},\"inLanguage\":\"lt-LT\",\"potentialAction\":[{\"@type\":\"ReadAction\",\"target\":[\"https:\/\/oxoxclub.com\/lt\/products\/topai-ir-marskineliai-lt-2\/juodi-languoti-marskiniai\/\"]}]},{\"@type\":\"ImageObject\",\"inLanguage\":\"lt-LT\",\"@id\":\"https:\/\/oxoxclub.com\/lt\/products\/topai-ir-marskineliai-lt-2\/juodi-languoti-marskiniai\/#primaryimage\",\"url\":\"https:\/\/oxoxclub.com\/wp-content\/uploads\/117-3-scaled.jpg\",\"contentUrl\":\"https:\/\/oxoxclub.com\/wp-content\/uploads\/117-3-scaled.jpg\",\"width\":1709,\"height\":2560},{\"@type\":\"BreadcrumbList\",\"@id\":\"https:\/\/oxoxclub.com\/lt\/products\/topai-ir-marskineliai-lt-2\/juodi-languoti-marskiniai\/#breadcrumb\",\"itemListElement\":[{\"@type\":\"ListItem\",\"position\":1,\"name\":\"Home\",\"item\":\"https:\/\/oxoxclub.com\/lt\/\"},{\"@type\":\"ListItem\",\"position\":2,\"name\":\"Shop\",\"item\":\"https:\/\/oxoxclub.com\/products\/\"},{\"@type\":\"ListItem\",\"position\":3,\"name\":\"Languoti Mar\u0161kiniai\"}]},{\"@type\":\"WebSite\",\"@id\":\"https:\/\/oxoxclub.com\/lt\/#website\",\"url\":\"https:\/\/oxoxclub.com\/lt\/\",\"name\":\"OXOX CLUB\",\"description\":\"On a mission of never growing up\",\"publisher\":{\"@id\":\"https:\/\/oxoxclub.com\/lt\/#organization\"},\"potentialAction\":[{\"@type\":\"SearchAction\",\"target\":{\"@type\":\"EntryPoint\",\"urlTemplate\":\"https:\/\/oxoxclub.com\/lt\/?s={search_term_string}\"},\"query-input\":{\"@type\":\"PropertyValueSpecification\",\"valueRequired\":true,\"valueName\":\"search_term_string\"}}],\"inLanguage\":\"lt-LT\"},{\"@type\":\"Organization\",\"@id\":\"https:\/\/oxoxclub.com\/lt\/#organization\",\"name\":\"OXOX CLUB\",\"url\":\"https:\/\/oxoxclub.com\/lt\/\",\"logo\":{\"@type\":\"ImageObject\",\"inLanguage\":\"lt-LT\",\"@id\":\"https:\/\/oxoxclub.com\/lt\/#\/schema\/logo\/image\/\",\"url\":\"https:\/\/oxoxclub.com\/wp-content\/uploads\/oxox-logo-in-blue-4.png\",\"contentUrl\":\"https:\/\/oxoxclub.com\/wp-content\/uploads\/oxox-logo-in-blue-4.png\",\"width\":414,\"height\":300,\"caption\":\"OXOX CLUB\"},\"image\":{\"@id\":\"https:\/\/oxoxclub.com\/lt\/#\/schema\/logo\/image\/\"},\"sameAs\":[\"https:\/\/facebook.com\/oxoxclub\/\",\"https:\/\/www.instagram.com\/oxoxclub\/\"]}]}<\/script>\n<meta property=\"og:availability\" content=\"instock\" \/>\n<meta property=\"product:availability\" content=\"instock\" \/>\n<meta property=\"product:retailer_item_id\" content=\"31.311.06\" \/>\n<meta property=\"product:condition\" content=\"new\" \/>\n<!-- \/ Yoast SEO Premium plugin. -->","yoast_head_json":{"title":"Languoti Mar\u0161kiniai - OXOX","robots":{"index":"index","follow":"follow","max-snippet":"max-snippet:-1","max-image-preview":"max-image-preview:large","max-video-preview":"max-video-preview:-1"},"canonical":"https:\/\/oxoxclub.com\/lt\/products\/topai-ir-marskineliai-lt-2\/juodi-languoti-marskiniai\/","og_locale":"lt_LT","og_type":"article","og_title":"Languoti Mar\u0161kiniai","og_description":"Laisvi languoti mar\u0161kiniai i\u0161 mink\u0161tos flanelin\u0117s medviln\u0117s su lengvu ir padidintu siluetu. Su i\u0161siuvin\u0117tu OXOX CLUB logotipu ir didele dekoratyvia ki\u0161ene priekyje \u2013 tai lengvai derinamas sluoksniavimo drabu\u017eis, suteikiantis urban stilistikos betkokiam \u012fvaizd\u017eiui. 100% ekologi\u0161ka medviln\u0117 \/ Galima skalbti skalbykl\u0117je. Pagaminta Lietuvoje. Markas yra 124 cm \u016bgio ir d\u0117vi 7\u20138 met\u0173 dyd\u012f.","og_url":"https:\/\/oxoxclub.com\/lt\/products\/topai-ir-marskineliai-lt-2\/juodi-languoti-marskiniai\/","og_site_name":"OXOX","article_publisher":"https:\/\/facebook.com\/oxoxclub\/","article_modified_time":"2026-01-22T13:18:50+00:00","og_image":[{"width":1709,"height":2560,"url":"https:\/\/oxoxclub.com\/wp-content\/uploads\/117-3-scaled.jpg","type":"image\/jpeg"}],"twitter_card":"summary_large_image","twitter_misc":{"Availability":"In stock"},"schema":{"@context":"https:\/\/schema.org","@graph":[{"@type":"WebPage","@id":"https:\/\/oxoxclub.com\/lt\/products\/topai-ir-marskineliai-lt-2\/juodi-languoti-marskiniai\/","url":"https:\/\/oxoxclub.com\/lt\/products\/topai-ir-marskineliai-lt-2\/juodi-languoti-marskiniai\/","name":"Languoti Mar\u0161kiniai - OXOX","isPartOf":{"@id":"https:\/\/oxoxclub.com\/lt\/#website"},"primaryImageOfPage":{"@id":"https:\/\/oxoxclub.com\/lt\/products\/topai-ir-marskineliai-lt-2\/juodi-languoti-marskiniai\/#primaryimage"},"image":{"@id":"https:\/\/oxoxclub.com\/lt\/products\/topai-ir-marskineliai-lt-2\/juodi-languoti-marskiniai\/#primaryimage"},"thumbnailUrl":"https:\/\/oxoxclub.com\/wp-content\/uploads\/117-3-scaled.jpg","datePublished":"2025-12-03T14:31:08+00:00","dateModified":"2026-01-22T13:18:50+00:00","breadcrumb":{"@id":"https:\/\/oxoxclub.com\/lt\/products\/topai-ir-marskineliai-lt-2\/juodi-languoti-marskiniai\/#breadcrumb"},"inLanguage":"lt-LT","potentialAction":[{"@type":"ReadAction","target":["https:\/\/oxoxclub.com\/lt\/products\/topai-ir-marskineliai-lt-2\/juodi-languoti-marskiniai\/"]}]},{"@type":"ImageObject","inLanguage":"lt-LT","@id":"https:\/\/oxoxclub.com\/lt\/products\/topai-ir-marskineliai-lt-2\/juodi-languoti-marskiniai\/#primaryimage","url":"https:\/\/oxoxclub.com\/wp-content\/uploads\/117-3-scaled.jpg","contentUrl":"https:\/\/oxoxclub.com\/wp-content\/uploads\/117-3-scaled.jpg","width":1709,"height":2560},{"@type":"BreadcrumbList","@id":"https:\/\/oxoxclub.com\/lt\/products\/topai-ir-marskineliai-lt-2\/juodi-languoti-marskiniai\/#breadcrumb","itemListElement":[{"@type":"ListItem","position":1,"name":"Home","item":"https:\/\/oxoxclub.com\/lt\/"},{"@type":"ListItem","position":2,"name":"Shop","item":"https:\/\/oxoxclub.com\/products\/"},{"@type":"ListItem","position":3,"name":"Languoti Mar\u0161kiniai"}]},{"@type":"WebSite","@id":"https:\/\/oxoxclub.com\/lt\/#website","url":"https:\/\/oxoxclub.com\/lt\/","name":"OXOX CLUB","description":"On a mission of never growing up","publisher":{"@id":"https:\/\/oxoxclub.com\/lt\/#organization"},"potentialAction":[{"@type":"SearchAction","target":{"@type":"EntryPoint","urlTemplate":"https:\/\/oxoxclub.com\/lt\/?s={search_term_string}"},"query-input":{"@type":"PropertyValueSpecification","valueRequired":true,"valueName":"search_term_string"}}],"inLanguage":"lt-LT"},{"@type":"Organization","@id":"https:\/\/oxoxclub.com\/lt\/#organization","name":"OXOX CLUB","url":"https:\/\/oxoxclub.com\/lt\/","logo":{"@type":"ImageObject","inLanguage":"lt-LT","@id":"https:\/\/oxoxclub.com\/lt\/#\/schema\/logo\/image\/","url":"https:\/\/oxoxclub.com\/wp-content\/uploads\/oxox-logo-in-blue-4.png","contentUrl":"https:\/\/oxoxclub.com\/wp-content\/uploads\/oxox-logo-in-blue-4.png","width":414,"height":300,"caption":"OXOX CLUB"},"image":{"@id":"https:\/\/oxoxclub.com\/lt\/#\/schema\/logo\/image\/"},"sameAs":["https:\/\/facebook.com\/oxoxclub\/","https:\/\/www.instagram.com\/oxoxclub\/"]}]},"og_availability":"instock","product_availability":"instock","product_retailer_item_id":"31.311.06","product_condition":"new"},"_links":{"self":[{"href":"https:\/\/oxoxclub.com\/lt\/wp-json\/wp\/v2\/product\/75594","targetHints":{"allow":["GET"]}}],"collection":[{"href":"https:\/\/oxoxclub.com\/lt\/wp-json\/wp\/v2\/product"}],"about":[{"href":"https:\/\/oxoxclub.com\/lt\/wp-json\/wp\/v2\/types\/product"}],"replies":[{"embeddable":true,"href":"https:\/\/oxoxclub.com\/lt\/wp-json\/wp\/v2\/comments?post=75594"}],"wp:featuredmedia":[{"embeddable":true,"href":"https:\/\/oxoxclub.com\/lt\/wp-json\/wp\/v2\/media\/75794"}],"wp:attachment":[{"href":"https:\/\/oxoxclub.com\/lt\/wp-json\/wp\/v2\/media?parent=75594"}],"wp:term":[{"taxonomy":"product_brand","embeddable":true,"href":"https:\/\/oxoxclub.com\/lt\/wp-json\/wp\/v2\/product_brand?post=75594"},{"taxonomy":"product_cat","embeddable":true,"href":"https:\/\/oxoxclub.com\/lt\/wp-json\/wp\/v2\/product_cat?post=75594"},{"taxonomy":"product_tag","embeddable":true,"href":"https:\/\/oxoxclub.com\/lt\/wp-json\/wp\/v2\/product_tag?post=75594"}],"curies":[{"name":"wp","href":"https:\/\/api.w.org\/{rel}","templated":true}]}}