{"id":81000,"date":"2026-01-13T15:23:46","date_gmt":"2026-01-13T13:23:46","guid":{"rendered":"https:\/\/oxoxclub.com\/?post_type=product&#038;p=81000"},"modified":"2026-02-13T19:11:32","modified_gmt":"2026-02-13T17:11:32","slug":"golfas-su-oxox-logo","status":"publish","type":"product","link":"https:\/\/oxoxclub.com\/lt\/products\/vaikams\/topai-ir-marskineliai-lt-2\/golfas-su-oxox-logo\/","title":{"rendered":"Golfas"},"content":{"rendered":"<p>Ilgomis rankov\u0117mis unisex golfas \u2013 nepakei\u010diamas drabu\u017eis \u0161altesn\u0117mis dienomis. Derink juos su liemene ar \u0161varkeliu, ir sukurk jauk\u0173 kasdien\u012f \u012fvaizd\u012f.<\/p>\n<p>95% medviln\u0117, 5% elastanas \/ Galima skalbti skalbykl\u0117je.<\/p>\n<p>Pagaminta Lietuvoje.<\/p>\n<div class=\"product-description mb-6\">\n<p>Mia yra 124 cm \u016bgio ir d\u0117vi 7-8 met\u0173 dyd\u012f.<\/p>\n<p>&nbsp;<\/p>\n<\/div>\n","protected":false},"excerpt":{"rendered":"<p>Ilgomis rankov\u0117mis unisex golfas \u2013 nepakei\u010diamas drabu\u017eis \u0161altesn\u0117mis dienomis. Derink juos su liemene ar \u0161varkeliu, ir sukurk jauk\u0173 kasdien\u012f \u012fvaizd\u012f. 95% medviln\u0117, 5% elastanas \/ Galima skalbti skalbykl\u0117je. Pagaminta Lietuvoje. Mia yra 124 cm \u016bgio ir d\u0117vi 7-8 met\u0173 dyd\u012f. &nbsp;<\/p>\n","protected":false},"featured_media":81014,"comment_status":"open","ping_status":"closed","template":"","meta":[],"product_brand":[],"product_cat":[692,696,685],"product_tag":[],"class_list":{"0":"post-81000","1":"product","2":"type-product","3":"status-publish","4":"has-post-thumbnail","6":"product_cat-golfai-lt","7":"product_cat-naujienos","8":"product_cat-topai-ir-marskineliai-lt-2","9":"pa_size-chart-86-92-en","10":"pa_size-chart-98-104-en","11":"pa_size-chart-110-116-en","12":"pa_size-chart-122-128-en","13":"pa_size-chart-134-140-en","14":"pa_size-chart-146-152-en","15":"pa_t-shirts-ilgarankoviai","17":"first","18":"instock","19":"taxable","20":"shipping-taxable","21":"purchasable","22":"product-type-variable"},"acf":[],"yoast_head":"<!-- This site is optimized with the Yoast SEO Premium plugin v20.11 (Yoast SEO v24.3) - https:\/\/yoast.com\/wordpress\/plugins\/seo\/ -->\n<title>Golfas - OXOX<\/title>\n<meta name=\"robots\" content=\"index, follow, max-snippet:-1, max-image-preview:large, max-video-preview:-1\" \/>\n<link rel=\"canonical\" href=\"https:\/\/oxoxclub.com\/lt\/products\/vaikams\/topai-ir-marskineliai-lt-2\/golfas-su-oxox-logo\/\" \/>\n<meta property=\"og:locale\" content=\"lt_LT\" \/>\n<meta property=\"og:type\" content=\"article\" \/>\n<meta property=\"og:title\" content=\"Golfas\" \/>\n<meta property=\"og:description\" content=\"Ilgomis rankov\u0117mis unisex golfas \u2013 nepakei\u010diamas drabu\u017eis \u0161altesn\u0117mis dienomis. Derink juos su liemene ar \u0161varkeliu, ir sukurk jauk\u0173 kasdien\u012f \u012fvaizd\u012f. 95% medviln\u0117, 5% elastanas \/ Galima skalbti skalbykl\u0117je. Pagaminta Lietuvoje. Mia yra 124 cm \u016bgio ir d\u0117vi 7-8 met\u0173 dyd\u012f. &nbsp;\" \/>\n<meta property=\"og:url\" content=\"https:\/\/oxoxclub.com\/lt\/products\/vaikams\/topai-ir-marskineliai-lt-2\/golfas-su-oxox-logo\/\" \/>\n<meta property=\"og:site_name\" content=\"OXOX\" \/>\n<meta property=\"article:publisher\" content=\"https:\/\/facebook.com\/oxoxclub\/\" \/>\n<meta property=\"article:modified_time\" content=\"2026-02-13T17:11:32+00:00\" \/>\n<meta property=\"og:image\" content=\"https:\/\/oxoxclub.com\/wp-content\/uploads\/100-2-scaled.jpg\" \/>\n\t<meta property=\"og:image:width\" content=\"1709\" \/>\n\t<meta property=\"og:image:height\" content=\"2560\" \/>\n\t<meta property=\"og:image:type\" content=\"image\/jpeg\" \/>\n<meta name=\"twitter:card\" content=\"summary_large_image\" \/>\n<meta name=\"twitter:label1\" content=\"Availability\" \/>\n\t<meta name=\"twitter:data1\" content=\"In stock\" \/>\n<script type=\"application\/ld+json\" class=\"yoast-schema-graph\">{\"@context\":\"https:\/\/schema.org\",\"@graph\":[{\"@type\":\"WebPage\",\"@id\":\"https:\/\/oxoxclub.com\/lt\/products\/vaikams\/topai-ir-marskineliai-lt-2\/golfas-su-oxox-logo\/\",\"url\":\"https:\/\/oxoxclub.com\/lt\/products\/vaikams\/topai-ir-marskineliai-lt-2\/golfas-su-oxox-logo\/\",\"name\":\"Golfas - OXOX\",\"isPartOf\":{\"@id\":\"https:\/\/oxoxclub.com\/lt\/#website\"},\"primaryImageOfPage\":{\"@id\":\"https:\/\/oxoxclub.com\/lt\/products\/vaikams\/topai-ir-marskineliai-lt-2\/golfas-su-oxox-logo\/#primaryimage\"},\"image\":{\"@id\":\"https:\/\/oxoxclub.com\/lt\/products\/vaikams\/topai-ir-marskineliai-lt-2\/golfas-su-oxox-logo\/#primaryimage\"},\"thumbnailUrl\":\"https:\/\/oxoxclub.com\/wp-content\/uploads\/100-2-scaled.jpg\",\"datePublished\":\"2026-01-13T13:23:46+00:00\",\"dateModified\":\"2026-02-13T17:11:32+00:00\",\"breadcrumb\":{\"@id\":\"https:\/\/oxoxclub.com\/lt\/products\/vaikams\/topai-ir-marskineliai-lt-2\/golfas-su-oxox-logo\/#breadcrumb\"},\"inLanguage\":\"lt-LT\",\"potentialAction\":[{\"@type\":\"ReadAction\",\"target\":[\"https:\/\/oxoxclub.com\/lt\/products\/vaikams\/topai-ir-marskineliai-lt-2\/golfas-su-oxox-logo\/\"]}]},{\"@type\":\"ImageObject\",\"inLanguage\":\"lt-LT\",\"@id\":\"https:\/\/oxoxclub.com\/lt\/products\/vaikams\/topai-ir-marskineliai-lt-2\/golfas-su-oxox-logo\/#primaryimage\",\"url\":\"https:\/\/oxoxclub.com\/wp-content\/uploads\/100-2-scaled.jpg\",\"contentUrl\":\"https:\/\/oxoxclub.com\/wp-content\/uploads\/100-2-scaled.jpg\",\"width\":1709,\"height\":2560},{\"@type\":\"BreadcrumbList\",\"@id\":\"https:\/\/oxoxclub.com\/lt\/products\/vaikams\/topai-ir-marskineliai-lt-2\/golfas-su-oxox-logo\/#breadcrumb\",\"itemListElement\":[{\"@type\":\"ListItem\",\"position\":1,\"name\":\"Home\",\"item\":\"https:\/\/oxoxclub.com\/lt\/\"},{\"@type\":\"ListItem\",\"position\":2,\"name\":\"Shop\",\"item\":\"https:\/\/oxoxclub.com\/products\/\"},{\"@type\":\"ListItem\",\"position\":3,\"name\":\"Golfas\"}]},{\"@type\":\"WebSite\",\"@id\":\"https:\/\/oxoxclub.com\/lt\/#website\",\"url\":\"https:\/\/oxoxclub.com\/lt\/\",\"name\":\"OXOX CLUB\",\"description\":\"On a mission of never growing up\",\"publisher\":{\"@id\":\"https:\/\/oxoxclub.com\/lt\/#organization\"},\"potentialAction\":[{\"@type\":\"SearchAction\",\"target\":{\"@type\":\"EntryPoint\",\"urlTemplate\":\"https:\/\/oxoxclub.com\/lt\/?s={search_term_string}\"},\"query-input\":{\"@type\":\"PropertyValueSpecification\",\"valueRequired\":true,\"valueName\":\"search_term_string\"}}],\"inLanguage\":\"lt-LT\"},{\"@type\":\"Organization\",\"@id\":\"https:\/\/oxoxclub.com\/lt\/#organization\",\"name\":\"OXOX CLUB\",\"url\":\"https:\/\/oxoxclub.com\/lt\/\",\"logo\":{\"@type\":\"ImageObject\",\"inLanguage\":\"lt-LT\",\"@id\":\"https:\/\/oxoxclub.com\/lt\/#\/schema\/logo\/image\/\",\"url\":\"https:\/\/oxoxclub.com\/wp-content\/uploads\/oxox-logo-in-blue-4.png\",\"contentUrl\":\"https:\/\/oxoxclub.com\/wp-content\/uploads\/oxox-logo-in-blue-4.png\",\"width\":414,\"height\":300,\"caption\":\"OXOX CLUB\"},\"image\":{\"@id\":\"https:\/\/oxoxclub.com\/lt\/#\/schema\/logo\/image\/\"},\"sameAs\":[\"https:\/\/facebook.com\/oxoxclub\/\",\"https:\/\/www.instagram.com\/oxoxclub\/\"]}]}<\/script>\n<meta property=\"og:availability\" content=\"instock\" \/>\n<meta property=\"product:availability\" content=\"instock\" \/>\n<meta property=\"product:retailer_item_id\" content=\"31.147.14\" \/>\n<meta property=\"product:condition\" content=\"new\" \/>\n<!-- \/ Yoast SEO Premium plugin. -->","yoast_head_json":{"title":"Golfas - OXOX","robots":{"index":"index","follow":"follow","max-snippet":"max-snippet:-1","max-image-preview":"max-image-preview:large","max-video-preview":"max-video-preview:-1"},"canonical":"https:\/\/oxoxclub.com\/lt\/products\/vaikams\/topai-ir-marskineliai-lt-2\/golfas-su-oxox-logo\/","og_locale":"lt_LT","og_type":"article","og_title":"Golfas","og_description":"Ilgomis rankov\u0117mis unisex golfas \u2013 nepakei\u010diamas drabu\u017eis \u0161altesn\u0117mis dienomis. Derink juos su liemene ar \u0161varkeliu, ir sukurk jauk\u0173 kasdien\u012f \u012fvaizd\u012f. 95% medviln\u0117, 5% elastanas \/ Galima skalbti skalbykl\u0117je. Pagaminta Lietuvoje. Mia yra 124 cm \u016bgio ir d\u0117vi 7-8 met\u0173 dyd\u012f. &nbsp;","og_url":"https:\/\/oxoxclub.com\/lt\/products\/vaikams\/topai-ir-marskineliai-lt-2\/golfas-su-oxox-logo\/","og_site_name":"OXOX","article_publisher":"https:\/\/facebook.com\/oxoxclub\/","article_modified_time":"2026-02-13T17:11:32+00:00","og_image":[{"width":1709,"height":2560,"url":"https:\/\/oxoxclub.com\/wp-content\/uploads\/100-2-scaled.jpg","type":"image\/jpeg"}],"twitter_card":"summary_large_image","twitter_misc":{"Availability":"In stock"},"schema":{"@context":"https:\/\/schema.org","@graph":[{"@type":"WebPage","@id":"https:\/\/oxoxclub.com\/lt\/products\/vaikams\/topai-ir-marskineliai-lt-2\/golfas-su-oxox-logo\/","url":"https:\/\/oxoxclub.com\/lt\/products\/vaikams\/topai-ir-marskineliai-lt-2\/golfas-su-oxox-logo\/","name":"Golfas - OXOX","isPartOf":{"@id":"https:\/\/oxoxclub.com\/lt\/#website"},"primaryImageOfPage":{"@id":"https:\/\/oxoxclub.com\/lt\/products\/vaikams\/topai-ir-marskineliai-lt-2\/golfas-su-oxox-logo\/#primaryimage"},"image":{"@id":"https:\/\/oxoxclub.com\/lt\/products\/vaikams\/topai-ir-marskineliai-lt-2\/golfas-su-oxox-logo\/#primaryimage"},"thumbnailUrl":"https:\/\/oxoxclub.com\/wp-content\/uploads\/100-2-scaled.jpg","datePublished":"2026-01-13T13:23:46+00:00","dateModified":"2026-02-13T17:11:32+00:00","breadcrumb":{"@id":"https:\/\/oxoxclub.com\/lt\/products\/vaikams\/topai-ir-marskineliai-lt-2\/golfas-su-oxox-logo\/#breadcrumb"},"inLanguage":"lt-LT","potentialAction":[{"@type":"ReadAction","target":["https:\/\/oxoxclub.com\/lt\/products\/vaikams\/topai-ir-marskineliai-lt-2\/golfas-su-oxox-logo\/"]}]},{"@type":"ImageObject","inLanguage":"lt-LT","@id":"https:\/\/oxoxclub.com\/lt\/products\/vaikams\/topai-ir-marskineliai-lt-2\/golfas-su-oxox-logo\/#primaryimage","url":"https:\/\/oxoxclub.com\/wp-content\/uploads\/100-2-scaled.jpg","contentUrl":"https:\/\/oxoxclub.com\/wp-content\/uploads\/100-2-scaled.jpg","width":1709,"height":2560},{"@type":"BreadcrumbList","@id":"https:\/\/oxoxclub.com\/lt\/products\/vaikams\/topai-ir-marskineliai-lt-2\/golfas-su-oxox-logo\/#breadcrumb","itemListElement":[{"@type":"ListItem","position":1,"name":"Home","item":"https:\/\/oxoxclub.com\/lt\/"},{"@type":"ListItem","position":2,"name":"Shop","item":"https:\/\/oxoxclub.com\/products\/"},{"@type":"ListItem","position":3,"name":"Golfas"}]},{"@type":"WebSite","@id":"https:\/\/oxoxclub.com\/lt\/#website","url":"https:\/\/oxoxclub.com\/lt\/","name":"OXOX CLUB","description":"On a mission of never growing up","publisher":{"@id":"https:\/\/oxoxclub.com\/lt\/#organization"},"potentialAction":[{"@type":"SearchAction","target":{"@type":"EntryPoint","urlTemplate":"https:\/\/oxoxclub.com\/lt\/?s={search_term_string}"},"query-input":{"@type":"PropertyValueSpecification","valueRequired":true,"valueName":"search_term_string"}}],"inLanguage":"lt-LT"},{"@type":"Organization","@id":"https:\/\/oxoxclub.com\/lt\/#organization","name":"OXOX CLUB","url":"https:\/\/oxoxclub.com\/lt\/","logo":{"@type":"ImageObject","inLanguage":"lt-LT","@id":"https:\/\/oxoxclub.com\/lt\/#\/schema\/logo\/image\/","url":"https:\/\/oxoxclub.com\/wp-content\/uploads\/oxox-logo-in-blue-4.png","contentUrl":"https:\/\/oxoxclub.com\/wp-content\/uploads\/oxox-logo-in-blue-4.png","width":414,"height":300,"caption":"OXOX CLUB"},"image":{"@id":"https:\/\/oxoxclub.com\/lt\/#\/schema\/logo\/image\/"},"sameAs":["https:\/\/facebook.com\/oxoxclub\/","https:\/\/www.instagram.com\/oxoxclub\/"]}]},"og_availability":"instock","product_availability":"instock","product_retailer_item_id":"31.147.14","product_condition":"new"},"_links":{"self":[{"href":"https:\/\/oxoxclub.com\/lt\/wp-json\/wp\/v2\/product\/81000","targetHints":{"allow":["GET"]}}],"collection":[{"href":"https:\/\/oxoxclub.com\/lt\/wp-json\/wp\/v2\/product"}],"about":[{"href":"https:\/\/oxoxclub.com\/lt\/wp-json\/wp\/v2\/types\/product"}],"replies":[{"embeddable":true,"href":"https:\/\/oxoxclub.com\/lt\/wp-json\/wp\/v2\/comments?post=81000"}],"wp:featuredmedia":[{"embeddable":true,"href":"https:\/\/oxoxclub.com\/lt\/wp-json\/wp\/v2\/media\/81014"}],"wp:attachment":[{"href":"https:\/\/oxoxclub.com\/lt\/wp-json\/wp\/v2\/media?parent=81000"}],"wp:term":[{"taxonomy":"product_brand","embeddable":true,"href":"https:\/\/oxoxclub.com\/lt\/wp-json\/wp\/v2\/product_brand?post=81000"},{"taxonomy":"product_cat","embeddable":true,"href":"https:\/\/oxoxclub.com\/lt\/wp-json\/wp\/v2\/product_cat?post=81000"},{"taxonomy":"product_tag","embeddable":true,"href":"https:\/\/oxoxclub.com\/lt\/wp-json\/wp\/v2\/product_tag?post=81000"}],"curies":[{"name":"wp","href":"https:\/\/api.w.org\/{rel}","templated":true}]}}